{"id":607,"date":"2025-07-11T17:12:59","date_gmt":"2025-07-11T15:12:59","guid":{"rendered":"https:\/\/www.labellebleue.com\/product\/\/"},"modified":"2025-08-13T16:33:45","modified_gmt":"2025-08-13T14:33:45","slug":"montre-collector-la-belle-bleue-artus-competition","status":"publish","type":"product","link":"https:\/\/www.labellebleue.com\/en\/product\/la-belle-bleue-collector-watch-artus-competition\/","title":{"rendered":"La Belle Bleue Collector\u2019s Watch \u2013 Artus Competition Edition"},"content":{"rendered":"<div class=\"el-content uk-panel uk-margin-top\">\nThe <strong>Collector La Belle Bleue &#8211; Artus Comp\u00e9tition<\/strong> is a luxury watch for men and women. It was designed in Switzerland, developed on the banks of the Loire, and crafted in Franche-Comt\u00e9.<br \/>\nUnveiled and presented at the 24 Hours of Le Mans on the Artus Comp\u00e9tition &#038; Fran\u00e7ois Bruere stand as a world premiere. This watch pays tribute to two iconic cars:\n<\/div>\n<p>The Aston Martin DBR1, which won the 24 Hours of Le Mans in 1959 with Carroll Shelby at the wheel. Later becoming a manufacturer and preparer, Carroll Shelby created the Shelby Cobra, embodying the American myth of power with its 4.2L Ford V8 engine<strong>.<\/strong><\/p>\n<p><strong>CASE<\/strong><br \/>\nStainless steel shaped case, designed in two parts connected by 4 screws inserted into visible sleeves.<br \/>\nHeight: 43 mm \u2013 Width: 38 mm \u2013 Thickness: 13 mm, water resistance: 3 atm.<\/p>\n<p><strong>CRYSTAL<\/strong><br \/>\nThe SAPPHIRE crystal is made from synthetic aluminum oxide, renowned for its exceptional hardness, making it highly scratch-resistant.<br \/>\nDomed on top and flat mineral on the bottom for viewing the oscillating weight. Distinctive lugs at 9 o\u2019clock and 3 o\u2019clock.<\/p>\n<p><strong>MOVEMENT<\/strong><br \/>\nSkeleton mechanical-automatic 11\u00bd ligne, 21 jewels, frequency: 21,600 vibrations per hour.<\/p>\n<p><strong>POWER RESERVE<\/strong><br \/>\n40 hours.<\/p>\n<p><strong>DIAL<\/strong><br \/>\nCustomized graphic design.<\/p>\n<p><strong>HANDS<\/strong><br \/>\nHour, minute, and small second with counterweight.<\/p>\n<p><strong>CROWN<\/strong><br \/>\nTime-setting cap made using additive manufacturing, featuring the emblem of the Volle de Besan\u00e7on.<\/p>\n<p><strong>STRAP<\/strong><br \/>\nHigh-quality leather: Barenia calfskin, with an insert made using additive manufacturing, lug width: 24 mm. Hand-stitched saddle stitching by Comptoir des Selliers with a stainless steel buckle.<\/p>\n","protected":false},"excerpt":{"rendered":"<p>The Collector La Belle Bleue &#8211; Artus Comp\u00e9tition is a luxury watch for men and women. It was designed in Switzerland, developed on the banks of the Loire, and crafted in Franche-Comt\u00e9. Unveiled and presented at the 24 Hours of Le Mans on the Artus Comp\u00e9tition &#038; Fran\u00e7ois Bruere stand as a world premiere. This [&hellip;]<\/p>\n","protected":false},"featured_media":615,"template":"","meta":[],"product_brand":[],"product_cat":[37,20],"product_tag":[],"class_list":{"0":"post-607","1":"product","2":"type-product","3":"status-publish","4":"has-post-thumbnail","6":"product_cat-autres-editions","7":"product_cat-watches","9":"first","10":"instock","11":"taxable","12":"shipping-taxable","13":"purchasable","14":"product-type-simple"},"yoast_head":"<!-- This site is optimized with the Yoast SEO plugin v24.6 - https:\/\/yoast.com\/wordpress\/plugins\/seo\/ -->\n<title>La Belle Bleue Collector\u2019s Watch \u2013 Artus Competition Edition<\/title>\n<meta name=\"description\" content=\"The Collector La Belle Bleue - Artus Comp\u00e9tition is a luxury watch for men and women. It was designed in Switzerland, developed on the banks of the Loire, and crafted in Franche-Comt\u00e9. Unveiled and presented at the 24 Hours of Le Mans on the Artus Comp\u00e9tition &amp; Fran\u00e7ois Bruere stand as a world premiere. This&hellip;\" \/>\n<meta name=\"robots\" content=\"index, follow, max-snippet:-1, max-image-preview:large, max-video-preview:-1\" \/>\n<link rel=\"canonical\" href=\"http:\/\/The%20Collector%20La%20Belle%20Bleue%20-%20Artus%20Comp\u00e9tition%20is%20a%20luxury%20watch%20for%20men%20and%20women.%20It%20was%20designed%20in%20Switzerland,%20developed%20on%20the%20banks%20of%20the%20Loire,%20and%20crafted%20in%20Franche-Comt\u00e9.%20Unveiled%20and%20presented%20at%20the%2024%20Hours%20of%20Le%20Mans%20on%20the%20Artus%20Comp\u00e9tition%20&%20Fran\u00e7ois%20Bruere%20stand%20as%20a%20world%20premiere.%20This&hellip;\" \/>\n<meta property=\"og:locale\" content=\"en_GB\" \/>\n<meta property=\"og:type\" content=\"article\" \/>\n<meta property=\"og:title\" content=\"La Belle Bleue Collector\u2019s Watch \u2013 Artus Competition Edition\" \/>\n<meta property=\"og:description\" content=\"The Collector La Belle Bleue - Artus Comp\u00e9tition is a luxury watch for men and women. It was designed in Switzerland, developed on the banks of the Loire, and crafted in Franche-Comt\u00e9. Unveiled and presented at the 24 Hours of Le Mans on the Artus Comp\u00e9tition &amp; Fran\u00e7ois Bruere stand as a world premiere. This&hellip;\" \/>\n<meta property=\"og:url\" content=\"https:\/\/www.labellebleue.com\/en\/product\/la-belle-bleue-collector-watch-artus-competition\/\" \/>\n<meta property=\"og:site_name\" content=\"La Belle Bleue\" \/>\n<meta property=\"article:modified_time\" content=\"2025-08-13T14:33:45+00:00\" \/>\n<meta property=\"og:image\" content=\"https:\/\/www.labellebleue.com\/wp-content\/uploads\/2025\/07\/montre-artus-edition.jpg\" \/>\n\t<meta property=\"og:image:width\" content=\"613\" \/>\n\t<meta property=\"og:image:height\" content=\"1000\" \/>\n\t<meta property=\"og:image:type\" content=\"image\/jpeg\" \/>\n<meta name=\"twitter:card\" content=\"summary_large_image\" \/>\n<meta name=\"twitter:label1\" content=\"Est. reading time\" \/>\n\t<meta name=\"twitter:data1\" content=\"2 minutes\" \/>\n<script type=\"application\/ld+json\" class=\"yoast-schema-graph\">{\"@context\":\"https:\/\/schema.org\",\"@graph\":[{\"@type\":\"WebPage\",\"@id\":\"https:\/\/www.labellebleue.com\/en\/product\/la-belle-bleue-collector-watch-artus-competition\/\",\"url\":\"https:\/\/www.labellebleue.com\/en\/product\/la-belle-bleue-collector-watch-artus-competition\/\",\"name\":\"Montre Collector La Belle Bleue - Artus comp\u00e9tition\",\"isPartOf\":{\"@id\":\"https:\/\/www.labellebleue.com\/#website\"},\"primaryImageOfPage\":{\"@id\":\"https:\/\/www.labellebleue.com\/en\/product\/la-belle-bleue-collector-watch-artus-competition\/#primaryimage\"},\"image\":{\"@id\":\"https:\/\/www.labellebleue.com\/en\/product\/la-belle-bleue-collector-watch-artus-competition\/#primaryimage\"},\"thumbnailUrl\":\"https:\/\/www.labellebleue.com\/wp-content\/uploads\/2025\/07\/montre-artus-edition.jpg\",\"datePublished\":\"2025-07-11T15:12:59+00:00\",\"dateModified\":\"2025-08-13T14:33:45+00:00\",\"description\":\"Con\u00e7ue et pr\u00e9sent\u00e9e aux 24 Heures du Mans sur le stand Artus Comp\u00e9tition & Fran\u00e7ois Bruere en avant-premi\u00e8re. Cette montre r\u00e9unit 2 voitures mythiques : l\u2019Aston Martin et la Shelby Cobra.\",\"breadcrumb\":{\"@id\":\"https:\/\/www.labellebleue.com\/en\/product\/la-belle-bleue-collector-watch-artus-competition\/#breadcrumb\"},\"inLanguage\":\"en-GB\",\"potentialAction\":[{\"@type\":\"ReadAction\",\"target\":[\"https:\/\/www.labellebleue.com\/en\/product\/la-belle-bleue-collector-watch-artus-competition\/\"]}]},{\"@type\":\"ImageObject\",\"inLanguage\":\"en-GB\",\"@id\":\"https:\/\/www.labellebleue.com\/en\/product\/la-belle-bleue-collector-watch-artus-competition\/#primaryimage\",\"url\":\"https:\/\/www.labellebleue.com\/wp-content\/uploads\/2025\/07\/montre-artus-edition.jpg\",\"contentUrl\":\"https:\/\/www.labellebleue.com\/wp-content\/uploads\/2025\/07\/montre-artus-edition.jpg\",\"width\":613,\"height\":1000},{\"@type\":\"BreadcrumbList\",\"@id\":\"https:\/\/www.labellebleue.com\/en\/product\/la-belle-bleue-collector-watch-artus-competition\/#breadcrumb\",\"itemListElement\":[{\"@type\":\"ListItem\",\"position\":1,\"name\":\"Home\",\"item\":\"https:\/\/www.labellebleue.com\/\"},{\"@type\":\"ListItem\",\"position\":2,\"name\":\"Shop\",\"item\":\"https:\/\/www.labellebleue.com\/boutique\/\"},{\"@type\":\"ListItem\",\"position\":3,\"name\":\"La Belle Bleue Collector\u2019s Watch \u2013 Artus Competition Edition\"}]},{\"@type\":\"WebSite\",\"@id\":\"https:\/\/www.labellebleue.com\/en\/#website\",\"url\":\"https:\/\/www.labellebleue.com\/en\/\",\"name\":\"La Belle Bleue\",\"description\":\"\",\"publisher\":{\"@id\":\"https:\/\/www.labellebleue.com\/en\/#organization\"},\"potentialAction\":[{\"@type\":\"SearchAction\",\"target\":{\"@type\":\"EntryPoint\",\"urlTemplate\":\"https:\/\/www.labellebleue.com\/en\/?s={search_term_string}\"},\"query-input\":{\"@type\":\"PropertyValueSpecification\",\"valueRequired\":true,\"valueName\":\"search_term_string\"}}],\"inLanguage\":\"en-GB\"},{\"@type\":\"Organization\",\"@id\":\"https:\/\/www.labellebleue.com\/en\/#organization\",\"name\":\"La Belle Bleue\",\"url\":\"https:\/\/www.labellebleue.com\/en\/\",\"logo\":{\"@type\":\"ImageObject\",\"inLanguage\":\"en-GB\",\"@id\":\"https:\/\/www.labellebleue.com\/en\/#\/schema\/logo\/image\/\",\"url\":\"https:\/\/www.labellebleue.com\/wp-content\/uploads\/2025\/02\/la-belle-bleue-logo-h-coul.svg\",\"contentUrl\":\"https:\/\/www.labellebleue.com\/wp-content\/uploads\/2025\/02\/la-belle-bleue-logo-h-coul.svg\",\"width\":1,\"height\":1,\"caption\":\"La Belle Bleue\"},\"image\":{\"@id\":\"https:\/\/www.labellebleue.com\/en\/#\/schema\/logo\/image\/\"}}]}<\/script>\n<!-- \/ Yoast SEO plugin. -->","yoast_head_json":{"title":"La Belle Bleue Collector\u2019s Watch \u2013 Artus Competition Edition","description":"The Collector La Belle Bleue - Artus Comp\u00e9tition is a luxury watch for men and women. It was designed in Switzerland, developed on the banks of the Loire, and crafted in Franche-Comt\u00e9. Unveiled and presented at the 24 Hours of Le Mans on the Artus Comp\u00e9tition & Fran\u00e7ois Bruere stand as a world premiere. This&hellip;","robots":{"index":"index","follow":"follow","max-snippet":"max-snippet:-1","max-image-preview":"max-image-preview:large","max-video-preview":"max-video-preview:-1"},"canonical":"The Collector La Belle Bleue - Artus Comp\u00e9tition is a luxury watch for men and women. It was designed in Switzerland, developed on the banks of the Loire, and crafted in Franche-Comt\u00e9. Unveiled and presented at the 24 Hours of Le Mans on the Artus Comp\u00e9tition & Fran\u00e7ois Bruere stand as a world premiere. This&hellip;","og_locale":"en_GB","og_type":"article","og_title":"La Belle Bleue Collector\u2019s Watch \u2013 Artus Competition Edition","og_description":"The Collector La Belle Bleue - Artus Comp\u00e9tition is a luxury watch for men and women. It was designed in Switzerland, developed on the banks of the Loire, and crafted in Franche-Comt\u00e9. Unveiled and presented at the 24 Hours of Le Mans on the Artus Comp\u00e9tition & Fran\u00e7ois Bruere stand as a world premiere. This&hellip;","og_url":"https:\/\/www.labellebleue.com\/en\/product\/la-belle-bleue-collector-watch-artus-competition\/","og_site_name":"La Belle Bleue","article_modified_time":"2025-08-13T14:33:45+00:00","og_image":[{"width":613,"height":1000,"url":"https:\/\/www.labellebleue.com\/wp-content\/uploads\/2025\/07\/montre-artus-edition.jpg","type":"image\/jpeg"}],"twitter_card":"summary_large_image","twitter_misc":{"Est. reading time":"2 minutes"},"schema":{"@context":"https:\/\/schema.org","@graph":[{"@type":"WebPage","@id":"https:\/\/www.labellebleue.com\/en\/product\/la-belle-bleue-collector-watch-artus-competition\/","url":"https:\/\/www.labellebleue.com\/en\/product\/la-belle-bleue-collector-watch-artus-competition\/","name":"Montre Collector La Belle Bleue - Artus comp\u00e9tition","isPartOf":{"@id":"https:\/\/www.labellebleue.com\/#website"},"primaryImageOfPage":{"@id":"https:\/\/www.labellebleue.com\/en\/product\/la-belle-bleue-collector-watch-artus-competition\/#primaryimage"},"image":{"@id":"https:\/\/www.labellebleue.com\/en\/product\/la-belle-bleue-collector-watch-artus-competition\/#primaryimage"},"thumbnailUrl":"https:\/\/www.labellebleue.com\/wp-content\/uploads\/2025\/07\/montre-artus-edition.jpg","datePublished":"2025-07-11T15:12:59+00:00","dateModified":"2025-08-13T14:33:45+00:00","description":"Con\u00e7ue et pr\u00e9sent\u00e9e aux 24 Heures du Mans sur le stand Artus Comp\u00e9tition & Fran\u00e7ois Bruere en avant-premi\u00e8re. Cette montre r\u00e9unit 2 voitures mythiques : l\u2019Aston Martin et la Shelby Cobra.","breadcrumb":{"@id":"https:\/\/www.labellebleue.com\/en\/product\/la-belle-bleue-collector-watch-artus-competition\/#breadcrumb"},"inLanguage":"en-GB","potentialAction":[{"@type":"ReadAction","target":["https:\/\/www.labellebleue.com\/en\/product\/la-belle-bleue-collector-watch-artus-competition\/"]}]},{"@type":"ImageObject","inLanguage":"en-GB","@id":"https:\/\/www.labellebleue.com\/en\/product\/la-belle-bleue-collector-watch-artus-competition\/#primaryimage","url":"https:\/\/www.labellebleue.com\/wp-content\/uploads\/2025\/07\/montre-artus-edition.jpg","contentUrl":"https:\/\/www.labellebleue.com\/wp-content\/uploads\/2025\/07\/montre-artus-edition.jpg","width":613,"height":1000},{"@type":"BreadcrumbList","@id":"https:\/\/www.labellebleue.com\/en\/product\/la-belle-bleue-collector-watch-artus-competition\/#breadcrumb","itemListElement":[{"@type":"ListItem","position":1,"name":"Home","item":"https:\/\/www.labellebleue.com\/"},{"@type":"ListItem","position":2,"name":"Shop","item":"https:\/\/www.labellebleue.com\/boutique\/"},{"@type":"ListItem","position":3,"name":"La Belle Bleue Collector\u2019s Watch \u2013 Artus Competition Edition"}]},{"@type":"WebSite","@id":"https:\/\/www.labellebleue.com\/en\/#website","url":"https:\/\/www.labellebleue.com\/en\/","name":"La Belle Bleue","description":"","publisher":{"@id":"https:\/\/www.labellebleue.com\/en\/#organization"},"potentialAction":[{"@type":"SearchAction","target":{"@type":"EntryPoint","urlTemplate":"https:\/\/www.labellebleue.com\/en\/?s={search_term_string}"},"query-input":{"@type":"PropertyValueSpecification","valueRequired":true,"valueName":"search_term_string"}}],"inLanguage":"en-GB"},{"@type":"Organization","@id":"https:\/\/www.labellebleue.com\/en\/#organization","name":"La Belle Bleue","url":"https:\/\/www.labellebleue.com\/en\/","logo":{"@type":"ImageObject","inLanguage":"en-GB","@id":"https:\/\/www.labellebleue.com\/en\/#\/schema\/logo\/image\/","url":"https:\/\/www.labellebleue.com\/wp-content\/uploads\/2025\/02\/la-belle-bleue-logo-h-coul.svg","contentUrl":"https:\/\/www.labellebleue.com\/wp-content\/uploads\/2025\/02\/la-belle-bleue-logo-h-coul.svg","width":1,"height":1,"caption":"La Belle Bleue"},"image":{"@id":"https:\/\/www.labellebleue.com\/en\/#\/schema\/logo\/image\/"}}]}},"_links":{"self":[{"href":"https:\/\/www.labellebleue.com\/en\/wp-json\/wp\/v2\/product\/607","targetHints":{"allow":["GET"]}}],"collection":[{"href":"https:\/\/www.labellebleue.com\/en\/wp-json\/wp\/v2\/product"}],"about":[{"href":"https:\/\/www.labellebleue.com\/en\/wp-json\/wp\/v2\/types\/product"}],"wp:featuredmedia":[{"embeddable":true,"href":"https:\/\/www.labellebleue.com\/en\/wp-json\/wp\/v2\/media\/615"}],"wp:attachment":[{"href":"https:\/\/www.labellebleue.com\/en\/wp-json\/wp\/v2\/media?parent=607"}],"wp:term":[{"taxonomy":"product_brand","embeddable":true,"href":"https:\/\/www.labellebleue.com\/en\/wp-json\/wp\/v2\/product_brand?post=607"},{"taxonomy":"product_cat","embeddable":true,"href":"https:\/\/www.labellebleue.com\/en\/wp-json\/wp\/v2\/product_cat?post=607"},{"taxonomy":"product_tag","embeddable":true,"href":"https:\/\/www.labellebleue.com\/en\/wp-json\/wp\/v2\/product_tag?post=607"}],"curies":[{"name":"wp","href":"https:\/\/api.w.org\/{rel}","templated":true}]}}