{"id":606,"date":"2025-07-11T16:22:37","date_gmt":"2025-07-11T14:22:37","guid":{"rendered":"https:\/\/www.labellebleue.com\/product\/\/"},"modified":"2025-08-13T16:07:00","modified_gmt":"2025-08-13T14:07:00","slug":"montre-collector-maroc-classic-30-version-europeenne","status":"publish","type":"product","link":"https:\/\/www.labellebleue.com\/en\/product\/maroc-classic-30-collector-watch-european-edition\/","title":{"rendered":"Maroc Classic 30 Collector\u2019s Watch \u2013 European Edition"},"content":{"rendered":"<div class=\"el-content uk-panel uk-margin-top\">\nThe <strong>Collector Maroc Classic 30 \u2013 European Edition<\/strong> is a luxury watch for men and women. It was designed in Switzerland, developed on the banks of the Loire, and crafted in Franche-Comt\u00e9.<br \/>\nThe Maroc Classic 30 \u2013 European Edition features a shimmering dial in deep starry-night blue aventurine. Its sunny sky-blue accents contrast with the midnight blue of the dial, adding even more depth and dimension.<br \/>\nOnly 4 pieces remain available.<\/p>\n<p><strong>CASE<\/strong><br \/>\nStainless steel shaped case, designed in two parts connected by 4 screws inserted into visible sleeves.<br \/>\nHeight: 43 mm \u2013 Width: 38 mm \u2013 Thickness: 13 mm, water resistance: 3 atm.<\/p>\n<p><strong>CRYSTAL<\/strong><br \/>\nThe SAPPHIRE crystal is made from synthetic aluminum oxide, renowned for its exceptional hardness, making it highly scratch-resistant.<br \/>\nDomed on top and flat mineral on the bottom for viewing the oscillating weight. Distinctive lugs at 9 o\u2019clock and 3 o\u2019clock.<\/p>\n<p><strong>MOVEMENT<\/strong><br \/>\nSkeleton mechanical-automatic 11\u00bd ligne, 21 jewels, frequency: 21,600 vibrations per hour.<\/p>\n<p><strong>POWER RESERVE<\/strong><br \/>\n40 hours.<\/p>\n<p><strong>DIAL<\/strong><br \/>\nMurano aventurine glass, containing copper filings mixed into the molten crystal, creating iridescent effects with blue-tinted highlights.<\/p>\n<p><strong>HANDS<\/strong><br \/>\nHour, minute, and small second with counterweight.<\/p>\n<p><strong>CROWN<\/strong><br \/>\nTime-setting cap made using additive manufacturing, featuring the emblem of the Volle de Besan\u00e7on.<\/p>\n<p><strong>STRAP<\/strong><br \/>\nHigh-quality leather: Barenia calfskin, with an insert made using additive manufacturing, lug width: 24 mm. Hand-stitched saddle stitching by Comptoir des Selliers with a stainless steel buckle.\n<\/div>\n","protected":false},"excerpt":{"rendered":"<p>The Collector Maroc Classic 30 \u2013 European Edition is a luxury watch for men and women. It was designed in Switzerland, developed on the banks of the Loire, and crafted in Franche-Comt\u00e9. The Maroc Classic 30 \u2013 European Edition features a shimmering dial in deep starry-night blue aventurine. Its sunny sky-blue accents contrast with the [&hellip;]<\/p>\n","protected":false},"featured_media":614,"template":"","meta":[],"product_brand":[],"product_cat":[19,20],"product_tag":[],"class_list":{"0":"post-606","1":"product","2":"type-product","3":"status-publish","4":"has-post-thumbnail","6":"product_cat-rallye-maroc-classic-30-collection","7":"product_cat-watches","9":"first","10":"instock","11":"taxable","12":"shipping-taxable","13":"purchasable","14":"product-type-simple"},"yoast_head":"<!-- This site is optimized with the Yoast SEO plugin v24.6 - https:\/\/yoast.com\/wordpress\/plugins\/seo\/ -->\n<title>Maroc Classic 30 Collector\u2019s Watch \u2013 European Edition<\/title>\n<meta name=\"description\" content=\"The Collector Maroc Classic 30 \u2013 European Edition is a luxury watch for men and women. It was designed in Switzerland, developed on the banks of the Loire, and crafted in Franche-Comt\u00e9. The Maroc Classic 30 \u2013 European Edition features a shimmering dial in deep starry-night blue aventurine. Its sunny sky-blue accents contrast with the&hellip;\" \/>\n<meta name=\"robots\" content=\"index, follow, max-snippet:-1, max-image-preview:large, max-video-preview:-1\" \/>\n<link rel=\"canonical\" href=\"http:\/\/The%20Collector%20Maroc%20Classic%2030%20\u2013%20European%20Edition%20is%20a%20luxury%20watch%20for%20men%20and%20women.%20It%20was%20designed%20in%20Switzerland,%20developed%20on%20the%20banks%20of%20the%20Loire,%20and%20crafted%20in%20Franche-Comt\u00e9.%20The%20Maroc%20Classic%2030%20\u2013%20European%20Edition%20features%20a%20shimmering%20dial%20in%20deep%20starry-night%20blue%20aventurine.%20Its%20sunny%20sky-blue%20accents%20contrast%20with%20the&hellip;\" \/>\n<meta property=\"og:locale\" content=\"en_GB\" \/>\n<meta property=\"og:type\" content=\"article\" \/>\n<meta property=\"og:title\" content=\"Maroc Classic 30 Collector\u2019s Watch \u2013 European Edition\" \/>\n<meta property=\"og:description\" content=\"The Collector Maroc Classic 30 \u2013 European Edition is a luxury watch for men and women. It was designed in Switzerland, developed on the banks of the Loire, and crafted in Franche-Comt\u00e9. The Maroc Classic 30 \u2013 European Edition features a shimmering dial in deep starry-night blue aventurine. Its sunny sky-blue accents contrast with the&hellip;\" \/>\n<meta property=\"og:url\" content=\"https:\/\/www.labellebleue.com\/en\/product\/maroc-classic-30-collector-watch-european-edition\/\" \/>\n<meta property=\"og:site_name\" content=\"La Belle Bleue\" \/>\n<meta property=\"article:modified_time\" content=\"2025-08-13T14:07:00+00:00\" \/>\n<meta property=\"og:image\" content=\"https:\/\/www.labellebleue.com\/wp-content\/uploads\/2025\/07\/montre-maroc-classic-europeenne.jpg\" \/>\n\t<meta property=\"og:image:width\" content=\"613\" \/>\n\t<meta property=\"og:image:height\" content=\"1000\" \/>\n\t<meta property=\"og:image:type\" content=\"image\/jpeg\" \/>\n<meta name=\"twitter:card\" content=\"summary_large_image\" \/>\n<meta name=\"twitter:label1\" content=\"Est. reading time\" \/>\n\t<meta name=\"twitter:data1\" content=\"2 minutes\" \/>\n<script type=\"application\/ld+json\" class=\"yoast-schema-graph\">{\"@context\":\"https:\/\/schema.org\",\"@graph\":[{\"@type\":\"WebPage\",\"@id\":\"https:\/\/www.labellebleue.com\/en\/product\/maroc-classic-30-collector-watch-european-edition\/\",\"url\":\"https:\/\/www.labellebleue.com\/en\/product\/maroc-classic-30-collector-watch-european-edition\/\",\"name\":\"Montre Maroc Classic 30 - version Europ\u00e9enne en \u00c9dition Limit\u00e9e\",\"isPartOf\":{\"@id\":\"https:\/\/www.labellebleue.com\/#website\"},\"primaryImageOfPage\":{\"@id\":\"https:\/\/www.labellebleue.com\/en\/product\/maroc-classic-30-collector-watch-european-edition\/#primaryimage\"},\"image\":{\"@id\":\"https:\/\/www.labellebleue.com\/en\/product\/maroc-classic-30-collector-watch-european-edition\/#primaryimage\"},\"thumbnailUrl\":\"https:\/\/www.labellebleue.com\/wp-content\/uploads\/2025\/07\/montre-maroc-classic-europeenne.jpg\",\"datePublished\":\"2025-07-11T14:22:37+00:00\",\"dateModified\":\"2025-08-13T14:07:00+00:00\",\"description\":\"Saisissez l'opportunit\u00e9 de poss\u00e9der la Montre Collector Maroc Classic 30 version Europ\u00e9enne. Ses rehauts bleu ciel ensoleill\u00e9 contrastent avec le bleu nuit de son cadran apportant encore plus de relief.\",\"breadcrumb\":{\"@id\":\"https:\/\/www.labellebleue.com\/en\/product\/maroc-classic-30-collector-watch-european-edition\/#breadcrumb\"},\"inLanguage\":\"en-GB\",\"potentialAction\":[{\"@type\":\"ReadAction\",\"target\":[\"https:\/\/www.labellebleue.com\/en\/product\/maroc-classic-30-collector-watch-european-edition\/\"]}]},{\"@type\":\"ImageObject\",\"inLanguage\":\"en-GB\",\"@id\":\"https:\/\/www.labellebleue.com\/en\/product\/maroc-classic-30-collector-watch-european-edition\/#primaryimage\",\"url\":\"https:\/\/www.labellebleue.com\/wp-content\/uploads\/2025\/07\/montre-maroc-classic-europeenne.jpg\",\"contentUrl\":\"https:\/\/www.labellebleue.com\/wp-content\/uploads\/2025\/07\/montre-maroc-classic-europeenne.jpg\",\"width\":613,\"height\":1000},{\"@type\":\"BreadcrumbList\",\"@id\":\"https:\/\/www.labellebleue.com\/en\/product\/maroc-classic-30-collector-watch-european-edition\/#breadcrumb\",\"itemListElement\":[{\"@type\":\"ListItem\",\"position\":1,\"name\":\"Home\",\"item\":\"https:\/\/www.labellebleue.com\/\"},{\"@type\":\"ListItem\",\"position\":2,\"name\":\"Shop\",\"item\":\"https:\/\/www.labellebleue.com\/boutique\/\"},{\"@type\":\"ListItem\",\"position\":3,\"name\":\"Maroc Classic 30 Collector\u2019s Watch \u2013 European Edition\"}]},{\"@type\":\"WebSite\",\"@id\":\"https:\/\/www.labellebleue.com\/en\/#website\",\"url\":\"https:\/\/www.labellebleue.com\/en\/\",\"name\":\"La Belle Bleue\",\"description\":\"\",\"publisher\":{\"@id\":\"https:\/\/www.labellebleue.com\/en\/#organization\"},\"potentialAction\":[{\"@type\":\"SearchAction\",\"target\":{\"@type\":\"EntryPoint\",\"urlTemplate\":\"https:\/\/www.labellebleue.com\/en\/?s={search_term_string}\"},\"query-input\":{\"@type\":\"PropertyValueSpecification\",\"valueRequired\":true,\"valueName\":\"search_term_string\"}}],\"inLanguage\":\"en-GB\"},{\"@type\":\"Organization\",\"@id\":\"https:\/\/www.labellebleue.com\/en\/#organization\",\"name\":\"La Belle Bleue\",\"url\":\"https:\/\/www.labellebleue.com\/en\/\",\"logo\":{\"@type\":\"ImageObject\",\"inLanguage\":\"en-GB\",\"@id\":\"https:\/\/www.labellebleue.com\/en\/#\/schema\/logo\/image\/\",\"url\":\"https:\/\/www.labellebleue.com\/wp-content\/uploads\/2025\/02\/la-belle-bleue-logo-h-coul.svg\",\"contentUrl\":\"https:\/\/www.labellebleue.com\/wp-content\/uploads\/2025\/02\/la-belle-bleue-logo-h-coul.svg\",\"width\":1,\"height\":1,\"caption\":\"La Belle Bleue\"},\"image\":{\"@id\":\"https:\/\/www.labellebleue.com\/en\/#\/schema\/logo\/image\/\"}}]}<\/script>\n<!-- \/ Yoast SEO plugin. -->","yoast_head_json":{"title":"Maroc Classic 30 Collector\u2019s Watch \u2013 European Edition","description":"The Collector Maroc Classic 30 \u2013 European Edition is a luxury watch for men and women. It was designed in Switzerland, developed on the banks of the Loire, and crafted in Franche-Comt\u00e9. The Maroc Classic 30 \u2013 European Edition features a shimmering dial in deep starry-night blue aventurine. Its sunny sky-blue accents contrast with the&hellip;","robots":{"index":"index","follow":"follow","max-snippet":"max-snippet:-1","max-image-preview":"max-image-preview:large","max-video-preview":"max-video-preview:-1"},"canonical":"The Collector Maroc Classic 30 \u2013 European Edition is a luxury watch for men and women. It was designed in Switzerland, developed on the banks of the Loire, and crafted in Franche-Comt\u00e9. The Maroc Classic 30 \u2013 European Edition features a shimmering dial in deep starry-night blue aventurine. Its sunny sky-blue accents contrast with the&hellip;","og_locale":"en_GB","og_type":"article","og_title":"Maroc Classic 30 Collector\u2019s Watch \u2013 European Edition","og_description":"The Collector Maroc Classic 30 \u2013 European Edition is a luxury watch for men and women. It was designed in Switzerland, developed on the banks of the Loire, and crafted in Franche-Comt\u00e9. The Maroc Classic 30 \u2013 European Edition features a shimmering dial in deep starry-night blue aventurine. Its sunny sky-blue accents contrast with the&hellip;","og_url":"https:\/\/www.labellebleue.com\/en\/product\/maroc-classic-30-collector-watch-european-edition\/","og_site_name":"La Belle Bleue","article_modified_time":"2025-08-13T14:07:00+00:00","og_image":[{"width":613,"height":1000,"url":"https:\/\/www.labellebleue.com\/wp-content\/uploads\/2025\/07\/montre-maroc-classic-europeenne.jpg","type":"image\/jpeg"}],"twitter_card":"summary_large_image","twitter_misc":{"Est. reading time":"2 minutes"},"schema":{"@context":"https:\/\/schema.org","@graph":[{"@type":"WebPage","@id":"https:\/\/www.labellebleue.com\/en\/product\/maroc-classic-30-collector-watch-european-edition\/","url":"https:\/\/www.labellebleue.com\/en\/product\/maroc-classic-30-collector-watch-european-edition\/","name":"Montre Maroc Classic 30 - version Europ\u00e9enne en \u00c9dition Limit\u00e9e","isPartOf":{"@id":"https:\/\/www.labellebleue.com\/#website"},"primaryImageOfPage":{"@id":"https:\/\/www.labellebleue.com\/en\/product\/maroc-classic-30-collector-watch-european-edition\/#primaryimage"},"image":{"@id":"https:\/\/www.labellebleue.com\/en\/product\/maroc-classic-30-collector-watch-european-edition\/#primaryimage"},"thumbnailUrl":"https:\/\/www.labellebleue.com\/wp-content\/uploads\/2025\/07\/montre-maroc-classic-europeenne.jpg","datePublished":"2025-07-11T14:22:37+00:00","dateModified":"2025-08-13T14:07:00+00:00","description":"Saisissez l'opportunit\u00e9 de poss\u00e9der la Montre Collector Maroc Classic 30 version Europ\u00e9enne. Ses rehauts bleu ciel ensoleill\u00e9 contrastent avec le bleu nuit de son cadran apportant encore plus de relief.","breadcrumb":{"@id":"https:\/\/www.labellebleue.com\/en\/product\/maroc-classic-30-collector-watch-european-edition\/#breadcrumb"},"inLanguage":"en-GB","potentialAction":[{"@type":"ReadAction","target":["https:\/\/www.labellebleue.com\/en\/product\/maroc-classic-30-collector-watch-european-edition\/"]}]},{"@type":"ImageObject","inLanguage":"en-GB","@id":"https:\/\/www.labellebleue.com\/en\/product\/maroc-classic-30-collector-watch-european-edition\/#primaryimage","url":"https:\/\/www.labellebleue.com\/wp-content\/uploads\/2025\/07\/montre-maroc-classic-europeenne.jpg","contentUrl":"https:\/\/www.labellebleue.com\/wp-content\/uploads\/2025\/07\/montre-maroc-classic-europeenne.jpg","width":613,"height":1000},{"@type":"BreadcrumbList","@id":"https:\/\/www.labellebleue.com\/en\/product\/maroc-classic-30-collector-watch-european-edition\/#breadcrumb","itemListElement":[{"@type":"ListItem","position":1,"name":"Home","item":"https:\/\/www.labellebleue.com\/"},{"@type":"ListItem","position":2,"name":"Shop","item":"https:\/\/www.labellebleue.com\/boutique\/"},{"@type":"ListItem","position":3,"name":"Maroc Classic 30 Collector\u2019s Watch \u2013 European Edition"}]},{"@type":"WebSite","@id":"https:\/\/www.labellebleue.com\/en\/#website","url":"https:\/\/www.labellebleue.com\/en\/","name":"La Belle Bleue","description":"","publisher":{"@id":"https:\/\/www.labellebleue.com\/en\/#organization"},"potentialAction":[{"@type":"SearchAction","target":{"@type":"EntryPoint","urlTemplate":"https:\/\/www.labellebleue.com\/en\/?s={search_term_string}"},"query-input":{"@type":"PropertyValueSpecification","valueRequired":true,"valueName":"search_term_string"}}],"inLanguage":"en-GB"},{"@type":"Organization","@id":"https:\/\/www.labellebleue.com\/en\/#organization","name":"La Belle Bleue","url":"https:\/\/www.labellebleue.com\/en\/","logo":{"@type":"ImageObject","inLanguage":"en-GB","@id":"https:\/\/www.labellebleue.com\/en\/#\/schema\/logo\/image\/","url":"https:\/\/www.labellebleue.com\/wp-content\/uploads\/2025\/02\/la-belle-bleue-logo-h-coul.svg","contentUrl":"https:\/\/www.labellebleue.com\/wp-content\/uploads\/2025\/02\/la-belle-bleue-logo-h-coul.svg","width":1,"height":1,"caption":"La Belle Bleue"},"image":{"@id":"https:\/\/www.labellebleue.com\/en\/#\/schema\/logo\/image\/"}}]}},"_links":{"self":[{"href":"https:\/\/www.labellebleue.com\/en\/wp-json\/wp\/v2\/product\/606","targetHints":{"allow":["GET"]}}],"collection":[{"href":"https:\/\/www.labellebleue.com\/en\/wp-json\/wp\/v2\/product"}],"about":[{"href":"https:\/\/www.labellebleue.com\/en\/wp-json\/wp\/v2\/types\/product"}],"wp:featuredmedia":[{"embeddable":true,"href":"https:\/\/www.labellebleue.com\/en\/wp-json\/wp\/v2\/media\/614"}],"wp:attachment":[{"href":"https:\/\/www.labellebleue.com\/en\/wp-json\/wp\/v2\/media?parent=606"}],"wp:term":[{"taxonomy":"product_brand","embeddable":true,"href":"https:\/\/www.labellebleue.com\/en\/wp-json\/wp\/v2\/product_brand?post=606"},{"taxonomy":"product_cat","embeddable":true,"href":"https:\/\/www.labellebleue.com\/en\/wp-json\/wp\/v2\/product_cat?post=606"},{"taxonomy":"product_tag","embeddable":true,"href":"https:\/\/www.labellebleue.com\/en\/wp-json\/wp\/v2\/product_tag?post=606"}],"curies":[{"name":"wp","href":"https:\/\/api.w.org\/{rel}","templated":true}]}}