{"id":101,"date":"2025-02-19T09:56:38","date_gmt":"2025-02-19T08:56:38","guid":{"rendered":"https:\/\/www.labellebleue.com\/?post_type=product&#038;p=101"},"modified":"2025-07-11T16:31:26","modified_gmt":"2025-07-11T14:31:26","slug":"montre-collector-maroc-classic-30","status":"publish","type":"product","link":"https:\/\/www.labellebleue.com\/en\/product\/maroc-classic-30-collector-watch\/","title":{"rendered":"Maroc Classic 30 Collector Watch"},"content":{"rendered":"<p>The <strong>Maroc Classic &#8211; 30 Collector<\/strong> is a luxury watch for both men and women, produced in 30 numbered copies. It was designed in Switzerland, conceived along the Loire River, and manufactured in Franche-Comt\u00e9.<\/p>\n<p>Under the impetus of Cyril Neveu, five-time winner of the famous Paris-Dakar, the Maroc Classic 2025 edition celebrates its 30th anniversary.<br \/>\nThe Maroc Classic &#8211; 30 collector&#8217;s watch created for the event is a tribute to motorsports in connection with the regularity trials of this legendary race.<\/p>\n<p>Available in 30 copies.<\/p>\n<p><strong>CASE<\/strong><br \/>\nStainless steel shaped piece, designed in two parts connected by 4 screws inserted into visible sheaths.<br \/>\nHeight: 43 mm \u2013 Width: 38 mm \u2013 thickness 13mm, water resistance 3 atm.<\/p>\n<p><strong>GLASS<\/strong><br \/>\nSAPPHIRE glass is a crystal of aluminum oxide, produced from synthetic sapphire, very hard and resistant to possible scratches.<br \/>\nDomed on top and flat mineral underneath for reading the oscillating mass. Notable features at 9H and 3H lugs.<\/p>\n<p><strong>MOVEMENT<\/strong><br \/>\nSkeleton mechanical-automatic 11 \u00bd, 21 jewels, frequency, 21600 beats per hour.<\/p>\n<p><strong>POWER RESERVE<\/strong><br \/>\n40 hours.<\/p>\n<p><strong>DIAL<\/strong><br \/>\nMurano aventurine glass, containing copper filings mixed with molten crystal discovered by a Murano glassmaker in the 16th century, with iridescent effects.<br \/>\nGlitter poured randomly &#8220;by Adventure,&#8221; hence the name aventurine.<\/p>\n<p><strong>HANDS<\/strong><br \/>\nHour, Minute, and small second with counterweight.<\/p>\n<p><strong>CROWN<\/strong><br \/>\nTime-setting cap made by additive manufacturing with the emblem of the Volle de Besan\u00e7on.<\/p>\n<p><strong>BRACELET<\/strong><br \/>\nMade of HIGH-QUALITY leather: Barenia calf, with an insert made by additive manufacturing, between horns: 24 mm. Hand-stitched saddle stitch by the Comptoir des Selliers with a stainless steel buckle.<\/p>\n","protected":false},"excerpt":{"rendered":"<p>The Maroc Classic &#8211; 30 Collector is a luxury watch for both men and women, produced in 30 numbered copies. It was designed in Switzerland, conceived along the Loire River, and manufactured in Franche-Comt\u00e9. Under the impetus of Cyril Neveu, five-time winner of the famous Paris-Dakar, the Maroc Classic 2025 edition celebrates its 30th anniversary. [&hellip;]<\/p>\n","protected":false},"featured_media":189,"template":"","meta":[],"product_brand":[],"product_cat":[19,20],"product_tag":[],"class_list":{"0":"post-101","1":"product","2":"type-product","3":"status-publish","4":"has-post-thumbnail","6":"product_cat-rallye-maroc-classic-30-collection","7":"product_cat-watches","9":"first","10":"instock","11":"taxable","12":"shipping-taxable","13":"purchasable","14":"product-type-simple"},"yoast_head":"<!-- This site is optimized with the Yoast SEO plugin v24.6 - https:\/\/yoast.com\/wordpress\/plugins\/seo\/ -->\n<title>Maroc Classic 30 Collector Watch<\/title>\n<meta name=\"description\" content=\"The Maroc Classic - 30 Collector is a luxury watch for both men and women, produced in 30 numbered copies. It was designed in Switzerland, conceived along the Loire River, and manufactured in Franche-Comt\u00e9. Under the impetus of Cyril Neveu, five-time winner of the famous Paris-Dakar, the Maroc Classic 2025 edition celebrates its 30th anniversary.&hellip;\" \/>\n<meta name=\"robots\" content=\"index, follow, max-snippet:-1, max-image-preview:large, max-video-preview:-1\" \/>\n<link rel=\"canonical\" href=\"http:\/\/The%20Maroc%20Classic%20-%2030%20Collector%20is%20a%20luxury%20watch%20for%20both%20men%20and%20women,%20produced%20in%2030%20numbered%20copies.%20It%20was%20designed%20in%20Switzerland,%20conceived%20along%20the%20Loire%20River,%20and%20manufactured%20in%20Franche-Comt\u00e9.%20Under%20the%20impetus%20of%20Cyril%20Neveu,%20five-time%20winner%20of%20the%20famous%20Paris-Dakar,%20the%20Maroc%20Classic%202025%20edition%20celebrates%20its%2030th%20anniversary.&hellip;\" \/>\n<meta property=\"og:locale\" content=\"en_GB\" \/>\n<meta property=\"og:type\" content=\"article\" \/>\n<meta property=\"og:title\" content=\"Maroc Classic 30 Collector Watch\" \/>\n<meta property=\"og:description\" content=\"The Maroc Classic - 30 Collector is a luxury watch for both men and women, produced in 30 numbered copies. It was designed in Switzerland, conceived along the Loire River, and manufactured in Franche-Comt\u00e9. Under the impetus of Cyril Neveu, five-time winner of the famous Paris-Dakar, the Maroc Classic 2025 edition celebrates its 30th anniversary.&hellip;\" \/>\n<meta property=\"og:url\" content=\"https:\/\/www.labellebleue.com\/en\/product\/maroc-classic-30-collector-watch\/\" \/>\n<meta property=\"og:site_name\" content=\"La Belle Bleue\" \/>\n<meta property=\"article:modified_time\" content=\"2025-07-11T14:31:26+00:00\" \/>\n<meta property=\"og:image\" content=\"https:\/\/www.labellebleue.com\/wp-content\/uploads\/2025\/02\/montre-maroc-classic.jpg\" \/>\n\t<meta property=\"og:image:width\" content=\"613\" \/>\n\t<meta property=\"og:image:height\" content=\"1000\" \/>\n\t<meta property=\"og:image:type\" content=\"image\/jpeg\" \/>\n<meta name=\"twitter:card\" content=\"summary_large_image\" \/>\n<meta name=\"twitter:label1\" content=\"Est. reading time\" \/>\n\t<meta name=\"twitter:data1\" content=\"2 minutes\" \/>\n<script type=\"application\/ld+json\" class=\"yoast-schema-graph\">{\"@context\":\"https:\/\/schema.org\",\"@graph\":[{\"@type\":\"WebPage\",\"@id\":\"https:\/\/www.labellebleue.com\/en\/product\/maroc-classic-30-collector-watch\/\",\"url\":\"https:\/\/www.labellebleue.com\/en\/product\/maroc-classic-30-collector-watch\/\",\"name\":\"Montre Collector Maroc Classic 30 - Cadran Zellige en \u00c9dition Limit\u00e9e\",\"isPartOf\":{\"@id\":\"https:\/\/www.labellebleue.com\/#website\"},\"primaryImageOfPage\":{\"@id\":\"https:\/\/www.labellebleue.com\/en\/product\/maroc-classic-30-collector-watch\/#primaryimage\"},\"image\":{\"@id\":\"https:\/\/www.labellebleue.com\/en\/product\/maroc-classic-30-collector-watch\/#primaryimage\"},\"thumbnailUrl\":\"https:\/\/www.labellebleue.com\/wp-content\/uploads\/2025\/02\/montre-maroc-classic.jpg\",\"datePublished\":\"2025-02-19T08:56:38+00:00\",\"dateModified\":\"2025-07-11T14:31:26+00:00\",\"description\":\"Saisissez l'opportunit\u00e9 de poss\u00e9der la Montre Collector Maroc Classic 30. Cette pi\u00e8ce en \u00e9dition limit\u00e9e arbore un cadran Zellige, symbole de l'art marocain, combin\u00e9 \u00e0 une pr\u00e9cision horlog\u00e8re exceptionnelle.\",\"breadcrumb\":{\"@id\":\"https:\/\/www.labellebleue.com\/en\/product\/maroc-classic-30-collector-watch\/#breadcrumb\"},\"inLanguage\":\"en-GB\",\"potentialAction\":[{\"@type\":\"ReadAction\",\"target\":[\"https:\/\/www.labellebleue.com\/en\/product\/maroc-classic-30-collector-watch\/\"]}]},{\"@type\":\"ImageObject\",\"inLanguage\":\"en-GB\",\"@id\":\"https:\/\/www.labellebleue.com\/en\/product\/maroc-classic-30-collector-watch\/#primaryimage\",\"url\":\"https:\/\/www.labellebleue.com\/wp-content\/uploads\/2025\/02\/montre-maroc-classic.jpg\",\"contentUrl\":\"https:\/\/www.labellebleue.com\/wp-content\/uploads\/2025\/02\/montre-maroc-classic.jpg\",\"width\":613,\"height\":1000},{\"@type\":\"BreadcrumbList\",\"@id\":\"https:\/\/www.labellebleue.com\/en\/product\/maroc-classic-30-collector-watch\/#breadcrumb\",\"itemListElement\":[{\"@type\":\"ListItem\",\"position\":1,\"name\":\"Home\",\"item\":\"https:\/\/www.labellebleue.com\/\"},{\"@type\":\"ListItem\",\"position\":2,\"name\":\"Shop\",\"item\":\"https:\/\/www.labellebleue.com\/boutique\/\"},{\"@type\":\"ListItem\",\"position\":3,\"name\":\"Maroc Classic 30 Collector Watch\"}]},{\"@type\":\"WebSite\",\"@id\":\"https:\/\/www.labellebleue.com\/en\/#website\",\"url\":\"https:\/\/www.labellebleue.com\/en\/\",\"name\":\"La Belle Bleue\",\"description\":\"\",\"publisher\":{\"@id\":\"https:\/\/www.labellebleue.com\/en\/#organization\"},\"potentialAction\":[{\"@type\":\"SearchAction\",\"target\":{\"@type\":\"EntryPoint\",\"urlTemplate\":\"https:\/\/www.labellebleue.com\/en\/?s={search_term_string}\"},\"query-input\":{\"@type\":\"PropertyValueSpecification\",\"valueRequired\":true,\"valueName\":\"search_term_string\"}}],\"inLanguage\":\"en-GB\"},{\"@type\":\"Organization\",\"@id\":\"https:\/\/www.labellebleue.com\/en\/#organization\",\"name\":\"La Belle Bleue\",\"url\":\"https:\/\/www.labellebleue.com\/en\/\",\"logo\":{\"@type\":\"ImageObject\",\"inLanguage\":\"en-GB\",\"@id\":\"https:\/\/www.labellebleue.com\/en\/#\/schema\/logo\/image\/\",\"url\":\"https:\/\/www.labellebleue.com\/wp-content\/uploads\/2025\/02\/la-belle-bleue-logo-h-coul.svg\",\"contentUrl\":\"https:\/\/www.labellebleue.com\/wp-content\/uploads\/2025\/02\/la-belle-bleue-logo-h-coul.svg\",\"width\":1,\"height\":1,\"caption\":\"La Belle Bleue\"},\"image\":{\"@id\":\"https:\/\/www.labellebleue.com\/en\/#\/schema\/logo\/image\/\"}}]}<\/script>\n<!-- \/ Yoast SEO plugin. -->","yoast_head_json":{"title":"Maroc Classic 30 Collector Watch","description":"The Maroc Classic - 30 Collector is a luxury watch for both men and women, produced in 30 numbered copies. It was designed in Switzerland, conceived along the Loire River, and manufactured in Franche-Comt\u00e9. Under the impetus of Cyril Neveu, five-time winner of the famous Paris-Dakar, the Maroc Classic 2025 edition celebrates its 30th anniversary.&hellip;","robots":{"index":"index","follow":"follow","max-snippet":"max-snippet:-1","max-image-preview":"max-image-preview:large","max-video-preview":"max-video-preview:-1"},"canonical":"The Maroc Classic - 30 Collector is a luxury watch for both men and women, produced in 30 numbered copies. It was designed in Switzerland, conceived along the Loire River, and manufactured in Franche-Comt\u00e9. Under the impetus of Cyril Neveu, five-time winner of the famous Paris-Dakar, the Maroc Classic 2025 edition celebrates its 30th anniversary.&hellip;","og_locale":"en_GB","og_type":"article","og_title":"Maroc Classic 30 Collector Watch","og_description":"The Maroc Classic - 30 Collector is a luxury watch for both men and women, produced in 30 numbered copies. It was designed in Switzerland, conceived along the Loire River, and manufactured in Franche-Comt\u00e9. Under the impetus of Cyril Neveu, five-time winner of the famous Paris-Dakar, the Maroc Classic 2025 edition celebrates its 30th anniversary.&hellip;","og_url":"https:\/\/www.labellebleue.com\/en\/product\/maroc-classic-30-collector-watch\/","og_site_name":"La Belle Bleue","article_modified_time":"2025-07-11T14:31:26+00:00","og_image":[{"width":613,"height":1000,"url":"https:\/\/www.labellebleue.com\/wp-content\/uploads\/2025\/02\/montre-maroc-classic.jpg","type":"image\/jpeg"}],"twitter_card":"summary_large_image","twitter_misc":{"Est. reading time":"2 minutes"},"schema":{"@context":"https:\/\/schema.org","@graph":[{"@type":"WebPage","@id":"https:\/\/www.labellebleue.com\/en\/product\/maroc-classic-30-collector-watch\/","url":"https:\/\/www.labellebleue.com\/en\/product\/maroc-classic-30-collector-watch\/","name":"Montre Collector Maroc Classic 30 - Cadran Zellige en \u00c9dition Limit\u00e9e","isPartOf":{"@id":"https:\/\/www.labellebleue.com\/#website"},"primaryImageOfPage":{"@id":"https:\/\/www.labellebleue.com\/en\/product\/maroc-classic-30-collector-watch\/#primaryimage"},"image":{"@id":"https:\/\/www.labellebleue.com\/en\/product\/maroc-classic-30-collector-watch\/#primaryimage"},"thumbnailUrl":"https:\/\/www.labellebleue.com\/wp-content\/uploads\/2025\/02\/montre-maroc-classic.jpg","datePublished":"2025-02-19T08:56:38+00:00","dateModified":"2025-07-11T14:31:26+00:00","description":"Saisissez l'opportunit\u00e9 de poss\u00e9der la Montre Collector Maroc Classic 30. Cette pi\u00e8ce en \u00e9dition limit\u00e9e arbore un cadran Zellige, symbole de l'art marocain, combin\u00e9 \u00e0 une pr\u00e9cision horlog\u00e8re exceptionnelle.","breadcrumb":{"@id":"https:\/\/www.labellebleue.com\/en\/product\/maroc-classic-30-collector-watch\/#breadcrumb"},"inLanguage":"en-GB","potentialAction":[{"@type":"ReadAction","target":["https:\/\/www.labellebleue.com\/en\/product\/maroc-classic-30-collector-watch\/"]}]},{"@type":"ImageObject","inLanguage":"en-GB","@id":"https:\/\/www.labellebleue.com\/en\/product\/maroc-classic-30-collector-watch\/#primaryimage","url":"https:\/\/www.labellebleue.com\/wp-content\/uploads\/2025\/02\/montre-maroc-classic.jpg","contentUrl":"https:\/\/www.labellebleue.com\/wp-content\/uploads\/2025\/02\/montre-maroc-classic.jpg","width":613,"height":1000},{"@type":"BreadcrumbList","@id":"https:\/\/www.labellebleue.com\/en\/product\/maroc-classic-30-collector-watch\/#breadcrumb","itemListElement":[{"@type":"ListItem","position":1,"name":"Home","item":"https:\/\/www.labellebleue.com\/"},{"@type":"ListItem","position":2,"name":"Shop","item":"https:\/\/www.labellebleue.com\/boutique\/"},{"@type":"ListItem","position":3,"name":"Maroc Classic 30 Collector Watch"}]},{"@type":"WebSite","@id":"https:\/\/www.labellebleue.com\/en\/#website","url":"https:\/\/www.labellebleue.com\/en\/","name":"La Belle Bleue","description":"","publisher":{"@id":"https:\/\/www.labellebleue.com\/en\/#organization"},"potentialAction":[{"@type":"SearchAction","target":{"@type":"EntryPoint","urlTemplate":"https:\/\/www.labellebleue.com\/en\/?s={search_term_string}"},"query-input":{"@type":"PropertyValueSpecification","valueRequired":true,"valueName":"search_term_string"}}],"inLanguage":"en-GB"},{"@type":"Organization","@id":"https:\/\/www.labellebleue.com\/en\/#organization","name":"La Belle Bleue","url":"https:\/\/www.labellebleue.com\/en\/","logo":{"@type":"ImageObject","inLanguage":"en-GB","@id":"https:\/\/www.labellebleue.com\/en\/#\/schema\/logo\/image\/","url":"https:\/\/www.labellebleue.com\/wp-content\/uploads\/2025\/02\/la-belle-bleue-logo-h-coul.svg","contentUrl":"https:\/\/www.labellebleue.com\/wp-content\/uploads\/2025\/02\/la-belle-bleue-logo-h-coul.svg","width":1,"height":1,"caption":"La Belle Bleue"},"image":{"@id":"https:\/\/www.labellebleue.com\/en\/#\/schema\/logo\/image\/"}}]}},"_links":{"self":[{"href":"https:\/\/www.labellebleue.com\/en\/wp-json\/wp\/v2\/product\/101","targetHints":{"allow":["GET"]}}],"collection":[{"href":"https:\/\/www.labellebleue.com\/en\/wp-json\/wp\/v2\/product"}],"about":[{"href":"https:\/\/www.labellebleue.com\/en\/wp-json\/wp\/v2\/types\/product"}],"wp:featuredmedia":[{"embeddable":true,"href":"https:\/\/www.labellebleue.com\/en\/wp-json\/wp\/v2\/media\/189"}],"wp:attachment":[{"href":"https:\/\/www.labellebleue.com\/en\/wp-json\/wp\/v2\/media?parent=101"}],"wp:term":[{"taxonomy":"product_brand","embeddable":true,"href":"https:\/\/www.labellebleue.com\/en\/wp-json\/wp\/v2\/product_brand?post=101"},{"taxonomy":"product_cat","embeddable":true,"href":"https:\/\/www.labellebleue.com\/en\/wp-json\/wp\/v2\/product_cat?post=101"},{"taxonomy":"product_tag","embeddable":true,"href":"https:\/\/www.labellebleue.com\/en\/wp-json\/wp\/v2\/product_tag?post=101"}],"curies":[{"name":"wp","href":"https:\/\/api.w.org\/{rel}","templated":true}]}}