{"id":630,"date":"2026-04-08T21:19:34","date_gmt":"2026-04-08T19:19:34","guid":{"rendered":"https:\/\/www.labellebleue.com\/?page_id=630"},"modified":"2026-04-08T21:21:23","modified_gmt":"2026-04-08T19:21:23","slug":"politique-des-cookies","status":"publish","type":"page","link":"https:\/\/www.labellebleue.com\/en\/politique-des-cookies\/","title":{"rendered":"Politique des cookies"},"content":{"rendered":"<div>\n<h1>Politique des cookies<\/h1>\n<p>Nous utilisons des cookies pour reconna\u00eetre votre navigateur ou appareil, notamment pour :<\/p>\n<ul>\n<li>Vous reconna\u00eetre lorsque vous vous connectez pour utiliser nos services. Cela nous permet de vous reconna\u00eetre en tant que membre ou visiteur, et de proposer d&#8217;autres fonctionnalit\u00e9s et services.<\/li>\n<li>Pr\u00e9venir les activit\u00e9s frauduleuses.<\/li>\n<li>Am\u00e9liorer la s\u00e9curit\u00e9.<\/li>\n<li>R\u00e9aliser un signalement. Cela nous permet de mesurer et d&#8217;analyser les performances de nos services.<\/li>\n<\/ul>\n<p>Les cookies vous permettent de tirer parti de certaines fonctionnalit\u00e9s essentielles. Ainsi, si vous bloquez ou refusez par un autre moyen nos cookies, vous ne serez alors pas en mesure d\u2019utiliser compl\u00e8tement certains de nos services.<\/p>\n<p>Vous pouvez g\u00e9rer les cookies du navigateur gr\u00e2ce aux param\u00e8tres du navigateur. La rubrique Aide de la plupart des navigateurs vous indique <a href=\"https:\/\/www.linternaute.fr\/hightech\/guide-high-tech\/1413150-comment-supprimer-les-cookies-facilement\/\" target=\"_blank\" rel=\"noopener noreferrer\" class=\"uk-button uk-button-text\">comment supprimer les cookies<\/a>, comment obtenir un message qui vous signale leur r\u00e9ception, comme d\u00e9sactiver les cookies et le moment o\u00f9 ils expireront. Si vous d\u00e9sactivez les cookies sur votre navigateur, nous ne transf\u00e8reront pasde cookies sur votre navigateur. Cependant, si vous prenez cette mesure, il se peut que vous soyez oblig\u00e9 d&#8217;ajuster vos pr\u00e9f\u00e9rences manuellement \u00e0 chaque fois que vous visitez un site et qu&#8217;une partie des fonctionnalit\u00e9s et des services ne fonctionnent pas.<\/p>\n<p>Pour en savoir plus sur les types d&#8217;informations que nous recueillons, consultez notre <a class=\"uk-button uk-button-text uk-button-\" href=\"\/politique-de-confidentialite\">Politique de confidentialit\u00e9<\/a><\/p>\n<\/div>\n<p><!--more--><br \/>\n<!-- {\"type\":\"layout\",\"children\":[{\"type\":\"section\",\"props\":{\"image_position\":\"center-center\",\"style\":\"default\",\"title_breakpoint\":\"xl\",\"title_position\":\"top-left\",\"title_rotation\":\"left\",\"vertical_align\":\"middle\",\"width\":\"default\"},\"children\":[{\"type\":\"row\",\"children\":[{\"type\":\"column\",\"props\":{\"image_position\":\"center-center\",\"position_sticky_breakpoint\":\"m\"},\"children\":[{\"type\":\"text\",\"props\":{\"column_breakpoint\":\"m\",\"content\":\"\n\n<h1>Politique des cookies<\\\/h1>\\n\n\n<p>Nous utilisons des cookies pour reconna\\u00eetre votre navigateur ou appareil, notamment pour :<\\\/p>\\n\n\n<ul>\\n\n\n<li>Vous reconna\\u00eetre lorsque vous vous connectez pour utiliser nos services. Cela nous permet de vous reconna\\u00eetre en tant que membre ou visiteur, et de proposer d'autres fonctionnalit\\u00e9s et services.<\\\/li>\\n\n\n<li>Pr\\u00e9venir les activit\\u00e9s frauduleuses.<\\\/li>\\n\n\n<li>Am\\u00e9liorer la s\\u00e9curit\\u00e9.<\\\/li>\\n\n\n<li>R\\u00e9aliser un signalement. Cela nous permet de mesurer et d'analyser les performances de nos services.<\\\/li>\\n<\\\/ul>\\n\n\n<p>Les cookies vous permettent de tirer parti de certaines fonctionnalit\\u00e9s essentielles. Ainsi, si vous bloquez ou refusez par un autre moyen nos cookies, vous ne serez alors pas en mesure d\\u2019utiliser compl\\u00e8tement certains de nos services.<br \\\/><br \\\/>Vous pouvez g\\u00e9rer les cookies du navigateur gr\\u00e2ce aux param\\u00e8tres du navigateur. La rubrique Aide de la plupart des navigateurs vous indique <a href=\\\"https:\\\/\\\/www.linternaute.fr\\\/hightech\\\/guide-high-tech\\\/1413150-comment-supprimer-les-cookies-facilement\\\/\\\" target=\\\"_blank\\\" rel=\\\"noopener noreferrer\\\" class=\\\"uk-button uk-button-text\\\">comment supprimer les cookies<\\\/a>, comment obtenir un message qui vous signale leur r\\u00e9ception, comme d\\u00e9sactiver les cookies et le moment o\\u00f9 ils expireront. Si vous d\\u00e9sactivez les cookies sur votre navigateur, nous ne transf\\u00e8reront pasde cookies sur votre navigateur. Cependant, si vous prenez cette mesure, il se peut que vous soyez oblig\\u00e9 d'ajuster vos pr\\u00e9f\\u00e9rences manuellement \\u00e0 chaque fois que vous visitez un site et qu'une partie des fonctionnalit\\u00e9s et des services ne fonctionnent pas.<br \\\/><br \\\/>Pour en savoir plus sur les types d'informations que nous recueillons, consultez notre <a class=\\\"uk-button uk-button-text uk-button-\\\" href=\\\"politique-de-confidentialite\\\">Politique de confidentialit\\u00e9<\\\/a><\\\/p>\",\"margin\":\"default\"}}]}]}]}],\"version\":\"4.5.6\",\"yooessentialsVersion\":\"2.3.4\"} --><\/p>\n","protected":false},"excerpt":{"rendered":"<p>Politique des cookies Nous utilisons des cookies pour reconna\u00eetre votre navigateur ou appareil, notamment pour : Vous reconna\u00eetre lorsque vous vous connectez pour utiliser nos services. Cela nous permet de vous reconna\u00eetre en tant que membre ou visiteur, et de proposer d&#8217;autres fonctionnalit\u00e9s et services. Pr\u00e9venir les activit\u00e9s frauduleuses. Am\u00e9liorer la s\u00e9curit\u00e9. R\u00e9aliser un signalement. [&hellip;]<\/p>\n","protected":false},"author":1,"featured_media":0,"parent":0,"menu_order":0,"comment_status":"closed","ping_status":"closed","template":"","meta":{"footnotes":""},"class_list":["post-630","page","type-page","status-publish","hentry"],"yoast_head":"<!-- This site is optimized with the Yoast SEO plugin v24.6 - https:\/\/yoast.com\/wordpress\/plugins\/seo\/ -->\n<title>Politique des cookies<\/title>\n<meta name=\"description\" content=\"Politique des cookies Nous utilisons des cookies pour reconna\u00eetre votre navigateur ou appareil, notamment pour : Vous reconna\u00eetre lorsque vous vous connectez pour utiliser nos services. Cela nous permet de vous reconna\u00eetre en tant que membre ou visiteur, et de proposer d&#039;autres fonctionnalit\u00e9s et services. Pr\u00e9venir les activit\u00e9s frauduleuses. Am\u00e9liorer la s\u00e9curit\u00e9. R\u00e9aliser un signalement.&hellip;\" \/>\n<meta name=\"robots\" content=\"index, follow, max-snippet:-1, max-image-preview:large, max-video-preview:-1\" \/>\n<link rel=\"canonical\" href=\"\" \/>\n<meta property=\"og:locale\" content=\"en_GB\" \/>\n<meta property=\"og:type\" content=\"article\" \/>\n<meta property=\"og:title\" content=\"Politique des cookies\" \/>\n<meta property=\"og:description\" content=\"Politique des cookies Nous utilisons des cookies pour reconna\u00eetre votre navigateur ou appareil, notamment pour : Vous reconna\u00eetre lorsque vous vous connectez pour utiliser nos services. Cela nous permet de vous reconna\u00eetre en tant que membre ou visiteur, et de proposer d&#039;autres fonctionnalit\u00e9s et services. Pr\u00e9venir les activit\u00e9s frauduleuses. Am\u00e9liorer la s\u00e9curit\u00e9. R\u00e9aliser un signalement.&hellip;\" \/>\n<meta property=\"og:url\" content=\"https:\/\/www.labellebleue.com\/en\/politique-des-cookies\/\" \/>\n<meta property=\"og:site_name\" content=\"La Belle Bleue\" \/>\n<meta property=\"article:modified_time\" content=\"2026-04-08T19:21:23+00:00\" \/>\n<meta name=\"twitter:card\" content=\"summary_large_image\" \/>\n<meta name=\"twitter:label1\" content=\"Est. reading time\" \/>\n\t<meta name=\"twitter:data1\" content=\"2 minutes\" \/>\n<script type=\"application\/ld+json\" class=\"yoast-schema-graph\">{\"@context\":\"https:\/\/schema.org\",\"@graph\":[{\"@type\":\"WebPage\",\"@id\":\"https:\/\/www.labellebleue.com\/en\/politique-des-cookies\/\",\"url\":\"https:\/\/www.labellebleue.com\/en\/politique-des-cookies\/\",\"name\":\"Politique des cookies - La Belle Bleue\",\"isPartOf\":{\"@id\":\"https:\/\/www.labellebleue.com\/#website\"},\"datePublished\":\"2026-04-08T19:19:34+00:00\",\"dateModified\":\"2026-04-08T19:21:23+00:00\",\"breadcrumb\":{\"@id\":\"https:\/\/www.labellebleue.com\/en\/politique-des-cookies\/#breadcrumb\"},\"inLanguage\":\"en-GB\",\"potentialAction\":[{\"@type\":\"ReadAction\",\"target\":[\"https:\/\/www.labellebleue.com\/en\/politique-des-cookies\/\"]}]},{\"@type\":\"BreadcrumbList\",\"@id\":\"https:\/\/www.labellebleue.com\/en\/politique-des-cookies\/#breadcrumb\",\"itemListElement\":[{\"@type\":\"ListItem\",\"position\":1,\"name\":\"Home\",\"item\":\"https:\/\/www.labellebleue.com\/\"},{\"@type\":\"ListItem\",\"position\":2,\"name\":\"Politique des cookies\"}]},{\"@type\":\"WebSite\",\"@id\":\"https:\/\/www.labellebleue.com\/en\/#website\",\"url\":\"https:\/\/www.labellebleue.com\/en\/\",\"name\":\"La Belle Bleue\",\"description\":\"\",\"publisher\":{\"@id\":\"https:\/\/www.labellebleue.com\/en\/#organization\"},\"potentialAction\":[{\"@type\":\"SearchAction\",\"target\":{\"@type\":\"EntryPoint\",\"urlTemplate\":\"https:\/\/www.labellebleue.com\/en\/?s={search_term_string}\"},\"query-input\":{\"@type\":\"PropertyValueSpecification\",\"valueRequired\":true,\"valueName\":\"search_term_string\"}}],\"inLanguage\":\"en-GB\"},{\"@type\":\"Organization\",\"@id\":\"https:\/\/www.labellebleue.com\/en\/#organization\",\"name\":\"La Belle Bleue\",\"url\":\"https:\/\/www.labellebleue.com\/en\/\",\"logo\":{\"@type\":\"ImageObject\",\"inLanguage\":\"en-GB\",\"@id\":\"https:\/\/www.labellebleue.com\/en\/#\/schema\/logo\/image\/\",\"url\":\"https:\/\/www.labellebleue.com\/wp-content\/uploads\/2025\/02\/la-belle-bleue-logo-h-coul.svg\",\"contentUrl\":\"https:\/\/www.labellebleue.com\/wp-content\/uploads\/2025\/02\/la-belle-bleue-logo-h-coul.svg\",\"width\":1,\"height\":1,\"caption\":\"La Belle Bleue\"},\"image\":{\"@id\":\"https:\/\/www.labellebleue.com\/en\/#\/schema\/logo\/image\/\"}}]}<\/script>\n<!-- \/ Yoast SEO plugin. -->","yoast_head_json":{"title":"Politique des cookies","description":"Politique des cookies Nous utilisons des cookies pour reconna\u00eetre votre navigateur ou appareil, notamment pour : Vous reconna\u00eetre lorsque vous vous connectez pour utiliser nos services. Cela nous permet de vous reconna\u00eetre en tant que membre ou visiteur, et de proposer d'autres fonctionnalit\u00e9s et services. Pr\u00e9venir les activit\u00e9s frauduleuses. Am\u00e9liorer la s\u00e9curit\u00e9. R\u00e9aliser un signalement.&hellip;","robots":{"index":"index","follow":"follow","max-snippet":"max-snippet:-1","max-image-preview":"max-image-preview:large","max-video-preview":"max-video-preview:-1"},"canonical":"Politique des cookies Nous utilisons des cookies pour reconna\u00eetre votre navigateur ou appareil, notamment pour : Vous reconna\u00eetre lorsque vous vous connectez pour utiliser nos services. Cela nous permet de vous reconna\u00eetre en tant que membre ou visiteur, et de proposer d'autres fonctionnalit\u00e9s et services. Pr\u00e9venir les activit\u00e9s frauduleuses. Am\u00e9liorer la s\u00e9curit\u00e9. R\u00e9aliser un signalement.&hellip;","og_locale":"en_GB","og_type":"article","og_title":"Politique des cookies","og_description":"Politique des cookies Nous utilisons des cookies pour reconna\u00eetre votre navigateur ou appareil, notamment pour : Vous reconna\u00eetre lorsque vous vous connectez pour utiliser nos services. Cela nous permet de vous reconna\u00eetre en tant que membre ou visiteur, et de proposer d'autres fonctionnalit\u00e9s et services. Pr\u00e9venir les activit\u00e9s frauduleuses. Am\u00e9liorer la s\u00e9curit\u00e9. R\u00e9aliser un signalement.&hellip;","og_url":"https:\/\/www.labellebleue.com\/en\/politique-des-cookies\/","og_site_name":"La Belle Bleue","article_modified_time":"2026-04-08T19:21:23+00:00","twitter_card":"summary_large_image","twitter_misc":{"Est. reading time":"2 minutes"},"schema":{"@context":"https:\/\/schema.org","@graph":[{"@type":"WebPage","@id":"https:\/\/www.labellebleue.com\/en\/politique-des-cookies\/","url":"https:\/\/www.labellebleue.com\/en\/politique-des-cookies\/","name":"Politique des cookies - La Belle Bleue","isPartOf":{"@id":"https:\/\/www.labellebleue.com\/#website"},"datePublished":"2026-04-08T19:19:34+00:00","dateModified":"2026-04-08T19:21:23+00:00","breadcrumb":{"@id":"https:\/\/www.labellebleue.com\/en\/politique-des-cookies\/#breadcrumb"},"inLanguage":"en-GB","potentialAction":[{"@type":"ReadAction","target":["https:\/\/www.labellebleue.com\/en\/politique-des-cookies\/"]}]},{"@type":"BreadcrumbList","@id":"https:\/\/www.labellebleue.com\/en\/politique-des-cookies\/#breadcrumb","itemListElement":[{"@type":"ListItem","position":1,"name":"Home","item":"https:\/\/www.labellebleue.com\/"},{"@type":"ListItem","position":2,"name":"Politique des cookies"}]},{"@type":"WebSite","@id":"https:\/\/www.labellebleue.com\/en\/#website","url":"https:\/\/www.labellebleue.com\/en\/","name":"La Belle Bleue","description":"","publisher":{"@id":"https:\/\/www.labellebleue.com\/en\/#organization"},"potentialAction":[{"@type":"SearchAction","target":{"@type":"EntryPoint","urlTemplate":"https:\/\/www.labellebleue.com\/en\/?s={search_term_string}"},"query-input":{"@type":"PropertyValueSpecification","valueRequired":true,"valueName":"search_term_string"}}],"inLanguage":"en-GB"},{"@type":"Organization","@id":"https:\/\/www.labellebleue.com\/en\/#organization","name":"La Belle Bleue","url":"https:\/\/www.labellebleue.com\/en\/","logo":{"@type":"ImageObject","inLanguage":"en-GB","@id":"https:\/\/www.labellebleue.com\/en\/#\/schema\/logo\/image\/","url":"https:\/\/www.labellebleue.com\/wp-content\/uploads\/2025\/02\/la-belle-bleue-logo-h-coul.svg","contentUrl":"https:\/\/www.labellebleue.com\/wp-content\/uploads\/2025\/02\/la-belle-bleue-logo-h-coul.svg","width":1,"height":1,"caption":"La Belle Bleue"},"image":{"@id":"https:\/\/www.labellebleue.com\/en\/#\/schema\/logo\/image\/"}}]}},"_links":{"self":[{"href":"https:\/\/www.labellebleue.com\/en\/wp-json\/wp\/v2\/pages\/630","targetHints":{"allow":["GET"]}}],"collection":[{"href":"https:\/\/www.labellebleue.com\/en\/wp-json\/wp\/v2\/pages"}],"about":[{"href":"https:\/\/www.labellebleue.com\/en\/wp-json\/wp\/v2\/types\/page"}],"author":[{"embeddable":true,"href":"https:\/\/www.labellebleue.com\/en\/wp-json\/wp\/v2\/users\/1"}],"replies":[{"embeddable":true,"href":"https:\/\/www.labellebleue.com\/en\/wp-json\/wp\/v2\/comments?post=630"}],"version-history":[{"count":2,"href":"https:\/\/www.labellebleue.com\/en\/wp-json\/wp\/v2\/pages\/630\/revisions"}],"predecessor-version":[{"id":632,"href":"https:\/\/www.labellebleue.com\/en\/wp-json\/wp\/v2\/pages\/630\/revisions\/632"}],"wp:attachment":[{"href":"https:\/\/www.labellebleue.com\/en\/wp-json\/wp\/v2\/media?parent=630"}],"curies":[{"name":"wp","href":"https:\/\/api.w.org\/{rel}","templated":true}]}}