{"id":32,"date":"2025-02-17T12:17:58","date_gmt":"2025-02-17T11:17:58","guid":{"rendered":"https:\/\/www.labellebleue.com\/?page_id=32"},"modified":"2025-03-21T15:16:32","modified_gmt":"2025-03-21T14:16:32","slug":"bocage-creations","status":"publish","type":"page","link":"https:\/\/www.labellebleue.com\/en\/bocage-creations\/","title":{"rendered":"Bocage Cr\u00e9ations"},"content":{"rendered":"<h1>Bocage<br \/>Cr\u00e9ations<\/h1>\n<div>une \u00e9quipe de professionnels passionn\u00e9s par leur m\u00e9tier. Chaque membre de notre \u00e9quipe apporte son savoir-faire et sa cr\u00e9ativit\u00e9 pour donner vie \u00e0 des cr\u00e9ations uniques.<\/div>\n<p><img decoding=\"async\" src=\"\/wp-content\/uploads\/2025\/02\/la-belle-bleue-logo-h-coul.svg\" alt=\"\"><\/p>\n<div>\u00ab Les feux d&#8217;artifice sont \u00e9poustouflants <br class=\"uk-visible@l\" \/>pour les jeunes et les moins jeunes.<br class=\"uk-visible@l\" \/>Le Petit Prince d&#8217;Antoine de Saint-Exup\u00e9ry <br class=\"uk-visible@l\" \/>ne l&#8217;aurait pas ni\u00e9. \u00bb<\/div>\n<p><img decoding=\"async\" src=\"\/wp-content\/uploads\/2025\/03\/gerard-bocage.jpg\" alt=\"\"><\/p>\n<h3>G\u00e9rard BOCAGE<\/h3>\n<div>Pr\u00e9sident<\/div>\n<div>\n<p>G\u00e9rard Bocage, entrepreneur audacieux a b\u00e2ti et fait prosp\u00e9rer plusieurs entreprises au fil des ann\u00e9es. Gr\u00e2ce \u00e0 son sens des affaires et sa t\u00e9nacit\u00e9 sans limite, il a su transformer ses projets en v\u00e9ritables r\u00e9ussites. Aujourd\u2019hui, il choisit de se tourner vers des activit\u00e9s moins lucratives, mais qui lui permettent de renouer avec sa passion pour l\u2019horlogerie. Anim\u00e9 par l\u2019amour du savoir-faire artisanal et de la pr\u00e9cision m\u00e9canique, il s\u2019investit d\u00e9sormais dans des projets o\u00f9 le temps, au-del\u00e0 de la rentabilit\u00e9, retrouve toute sa valeur.<\/p>\n<\/div>\n<h3>Evelyne BOCAGE BULLIARD<\/h3>\n<div>Conseill\u00e8re artistique<\/div>\n<div>Les cr\u00e9ations La Belle Bleue s\u2019adressent tant aux hommes qu\u2019aux femmes. Il est essentiel, voire primordial que des femmes donnent leur avis sur l\u2019id\u00e9e des cr\u00e9ateurs, en phase pr\u00e9alable, au stade des esquisses, pendant et apr\u00e8s la r\u00e9alisation du prototype. De m\u00eame la partie packaging est un moment important dans la r\u00e9ussite d\u2019un projet. Evelyne supervise ces diff\u00e9rentes \u00e9tapes. Tous les d\u00e9tails sont pass\u00e9s au peigne fin pour s\u2019assurer que le produit final soit beau, agr\u00e9able \u00e0 porter et correspond \u00e0 des crit\u00e8res de diff\u00e9rence recherch\u00e9s par celle ou celui qui va se l\u2019approprier.<\/div>\n<p><img decoding=\"async\" src=\"\/wp-content\/uploads\/2025\/03\/evelyne-bocage.jpg\" alt=\"\"><br \/>\n<img decoding=\"async\" src=\"\/wp-content\/uploads\/2025\/02\/vincent.jpg\" alt=\"\"><\/p>\n<h3>Vincent BOCAGE<\/h3>\n<div>Gemmologue<\/div>\n<div>\n<p>Apr\u00e8s un cursus d\u2019\u00e9tudes sup\u00e9rieures en droit des assurances, Vincent a souhait\u00e9 r\u00e9orienter sa jeune carri\u00e8re vers un cursus en gemmologie. Passionn\u00e9 de pierres pr\u00e9cieuses depuis son enfance, il a d\u00e9cid\u00e9 d\u2019int\u00e9grer l\u2019Institut Europ\u00e9en de Gemmologie \u00e0 Paris.<\/p>\n<p>\nSes contacts avec les gemmologues et min\u00e9ralogistes dans les grands salons internationaux d\u00e9di\u00e9s aux pierres pr\u00e9cieuses, lui donnent aujourd\u2019hui un acc\u00e8s privil\u00e9gi\u00e9 \u00e0 des pierres pr\u00e9cieuses rares, voire tr\u00e8s rares. <\/p>\n<\/div>\n<p><!--more--><br \/>\n<!-- {\"type\":\"layout\",\"children\":[{\"type\":\"section\",\"props\":{\"animation\":\"fade\",\"header_transparent\":true,\"header_transparent_noplaceholder\":false,\"image\":\"wp-content\\\/uploads\\\/2025\\\/02\\\/AdobeStock_912709120-scaled.jpeg\",\"image_effect\":\"parallax\",\"image_loading\":true,\"image_parallax_bgy\":\"40vh\",\"image_position\":\"top-center\",\"image_size\":\"width-1-1\",\"media_overlay\":\"rgba(0, 0, 0, 0.75)\",\"media_overlay_parallax_opacity\":\"0,1\",\"padding\":\"xlarge\",\"padding_remove_top\":true,\"style\":\"default\",\"text_color\":\"light\",\"title_breakpoint\":\"xl\",\"title_position\":\"top-left\",\"title_rotation\":\"left\",\"vertical_align\":\"\",\"width\":\"\"},\"children\":[{\"type\":\"row\",\"children\":[{\"type\":\"column\",\"props\":{\"image_position\":\"center-center\",\"position_sticky_breakpoint\":\"m\",\"vertical_align\":\"middle\",\"width_medium\":\"1-2\"},\"children\":[{\"type\":\"headline\",\"props\":{\"animation\":\"none\",\"content\":\"Bocage<br \/>Cr\\u00e9ations\",\"position\":\"relative\",\"position_top\":\"120\",\"title_element\":\"h1\",\"title_style\":\"heading-xlarge\"}}]},{\"type\":\"column\",\"props\":{\"image_position\":\"center-center\",\"position_sticky_breakpoint\":\"m\",\"vertical_align\":\"middle\",\"width_medium\":\"1-2\"},\"children\":[{\"type\":\"headline\",\"props\":{\"animation\":\"none\",\"content\":\"une \\u00e9quipe de professionnels passionn\\u00e9s par leur m\\u00e9tier. Chaque membre de notre \\u00e9quipe apporte son savoir-faire et sa cr\\u00e9ativit\\u00e9 pour donner vie \\u00e0 des cr\\u00e9ations uniques.\",\"content_en_gb\":\"A team of professionals passionate about their craft. Each member of our team brings their expertise and creativity to bring unique creations to life.\\n\",\"margin\":\"large\",\"maxwidth\":\"2xlarge\",\"position\":\"relative\",\"position_top\":\"120\",\"title_element\":\"div\",\"title_style\":\"h2\"}}]}],\"props\":{\"height\":\"pixels\",\"height_offset_top\":true,\"height_viewport\":300,\"layout\":\"1-2,1-2\",\"margin\":\"remove-vertical\",\"width\":\"expand\"}}],\"name\":\"Hero\"},{\"type\":\"section\",\"props\":{\"animation\":\"fade\",\"id\":\"team\",\"image_position\":\"center-center\",\"padding_remove_bottom\":true,\"style\":\"default\",\"title_breakpoint\":\"xl\",\"title_position\":\"top-left\",\"title_rotation\":\"left\",\"vertical_align\":\"\",\"width\":\"expand\"},\"children\":[{\"type\":\"row\",\"children\":[{\"type\":\"column\",\"props\":{\"image_position\":\"center-center\",\"position_sticky_breakpoint\":\"m\"},\"children\":[{\"type\":\"image\",\"props\":{\"image\":\"wp-content\\\/uploads\\\/2025\\\/02\\\/la-belle-bleue-logo-h-coul.svg\",\"image_svg_color\":\"emphasis\",\"image_width\":600,\"margin\":\"xlarge\",\"margin_remove_top\":true,\"text_align\":\"center\"}},{\"type\":\"headline\",\"props\":{\"content\":\"\\u00ab Les feux d'artifice sont \\u00e9poustouflants <br class=\\\"uk-visible@l\\\" \\\/>pour les jeunes et les moins jeunes.<br class=\\\"uk-visible@l\\\" \\\/>Le Petit Prince d'Antoine de Saint-Exup\\u00e9ry <br class=\\\"uk-visible@l\\\" \\\/>ne l'aurait pas ni\\u00e9. \\u00bb\",\"content_en_gb\":\"\\\"The fireworks are breathtaking <br class=\\\"uk-visible@l\\\" \\\/> for both young and old.<br class=\\\"uk-visible@l\\\" \\\/> The Little Prince by Antoine de Saint-Exup\\u00e9ry <br class=\\\"uk-visible@l\\\" \\\/> would not have denied it.\\\"\\n\",\"margin\":\"default\",\"text_align\":\"center\",\"title_element\":\"div\",\"title_style\":\"heading-small\"}}]}],\"props\":{\"margin\":\"xlarge\",\"width\":\"default\"}},{\"type\":\"row\",\"props\":{\"column_gap\":\"large\",\"layout\":\"1-2,1-2\",\"margin\":\"medium\",\"row_gap\":\"large\",\"width\":\"expand\"},\"children\":[{\"type\":\"column\",\"props\":{\"image_position\":\"center-center\",\"order_first\":\"xs\",\"position_sticky_breakpoint\":\"m\",\"width_medium\":\"1-2\"},\"children\":[{\"type\":\"image\",\"props\":{\"animation\":\"none\",\"image\":\"wp-content\\\/uploads\\\/2025\\\/03\\\/gerard-bocage.jpg\",\"image_svg_color\":\"emphasis\",\"image_width\":\"1230\",\"margin\":\"default\",\"text_color\":\"light\"}}]},{\"type\":\"column\",\"props\":{\"image_position\":\"center-center\",\"position_sticky_breakpoint\":\"m\",\"vertical_align\":\"middle\",\"width_medium\":\"1-2\"},\"children\":[{\"type\":\"headline\",\"props\":{\"animation\":\"parallax\",\"block_align\":\"center\",\"content\":\"G\\u00e9rard BOCAGE\",\"margin\":\"small\",\"maxwidth\":\"large\",\"parallax_breakpoint\":\"m\",\"parallax_y\":\"100,-100\",\"title_element\":\"h3\",\"title_style\":\"heading-medium\"}},{\"type\":\"headline\",\"props\":{\"animation\":\"parallax\",\"block_align\":\"center\",\"content\":\"Pr\\u00e9sident\",\"content_en_gb\":\"CEO\",\"margin\":\"large\",\"margin_remove_top\":true,\"maxwidth\":\"large\",\"parallax_breakpoint\":\"m\",\"parallax_y\":\"100,-100\",\"title_color\":\"muted\",\"title_element\":\"div\",\"title_style\":\"h3\"}},{\"type\":\"text\",\"props\":{\"animation\":\"parallax\",\"block_align\":\"center\",\"column_breakpoint\":\"m\",\"content\":\"\n\n<p>G\\u00e9rard Bocage, entrepreneur audacieux a b\\u00e2ti et fait prosp\\u00e9rer plusieurs entreprises au fil des ann\\u00e9es. Gr\\u00e2ce \\u00e0 son sens des affaires et sa t\\u00e9nacit\\u00e9 sans limite, il a su transformer ses projets en v\\u00e9ritables r\\u00e9ussites. Aujourd\\u2019hui, il choisit de se tourner vers des activit\\u00e9s moins lucratives, mais qui lui permettent de renouer avec sa passion pour l\\u2019horlogerie. Anim\\u00e9 par l\\u2019amour du savoir-faire artisanal et de la pr\\u00e9cision m\\u00e9canique, il s\\u2019investit d\\u00e9sormais dans des projets o\\u00f9 le temps, au-del\\u00e0 de la rentabilit\\u00e9, retrouve toute sa valeur.<\\\/p>\",\"content_en_gb\":\"\n\n<p>G\\u00e9rard Bocage, a bold entrepreneur, has built and grown several businesses over the years. Thanks to his business acumen and limitless determination, he has turned his projects into true successes. Today, he chooses to focus on less profitable activities, but ones that allow him to reconnect with his passion for watchmaking. Driven by a love for craftsmanship and mechanical precision, he is now involved in projects where time, beyond profitability, regains its true value.<\\\/p>\\n\",\"margin\":\"large\",\"margin_remove_top\":true,\"maxwidth\":\"large\",\"parallax_breakpoint\":\"m\",\"parallax_y\":\"100,-100\"}}]}]},{\"type\":\"row\",\"props\":{\"layout\":\"2-3,1-3\",\"margin\":\"medium\",\"margin_remove_bottom\":false,\"margin_remove_top\":false,\"row_gap\":\"large\",\"width\":\"expand\"},\"children\":[{\"type\":\"column\",\"props\":{\"image_position\":\"center-center\",\"position_sticky_breakpoint\":\"m\",\"vertical_align\":\"middle\",\"width_medium\":\"2-3\"},\"children\":[{\"type\":\"headline\",\"props\":{\"animation\":\"parallax\",\"block_align\":\"center\",\"content\":\"Evelyne BOCAGE BULLIARD\",\"margin\":\"small\",\"maxwidth\":\"large\",\"parallax_breakpoint\":\"m\",\"parallax_y\":\"100,-100\",\"title_element\":\"h3\",\"title_style\":\"heading-medium\"}},{\"type\":\"headline\",\"props\":{\"animation\":\"parallax\",\"block_align\":\"center\",\"content\":\"Conseill\\u00e8re artistique\",\"content_en_gb\":\"Artistic Advisor\\n\",\"margin\":\"large\",\"margin_remove_top\":true,\"maxwidth\":\"large\",\"parallax_breakpoint\":\"m\",\"parallax_y\":\"100,-100\",\"title_color\":\"muted\",\"title_element\":\"div\",\"title_style\":\"h3\"}},{\"type\":\"text\",\"props\":{\"animation\":\"parallax\",\"block_align\":\"center\",\"column_breakpoint\":\"m\",\"content\":\"Les cr\\u00e9ations La Belle Bleue s\\u2019adressent tant aux hommes qu\\u2019aux femmes. Il est essentiel, voire primordial que des femmes donnent leur avis sur l\\u2019id\\u00e9e des cr\\u00e9ateurs, en phase pr\\u00e9alable, au stade des esquisses, pendant et apr\\u00e8s la r\\u00e9alisation du prototype. De m\\u00eame la partie packaging est un moment important dans la r\\u00e9ussite d\\u2019un projet. Evelyne supervise ces diff\\u00e9rentes \\u00e9tapes. Tous les d\\u00e9tails sont pass\\u00e9s au peigne fin pour s\\u2019assurer que le produit final soit beau, agr\\u00e9able \\u00e0 porter et correspond \\u00e0 des crit\\u00e8res de diff\\u00e9rence recherch\\u00e9s par celle ou celui qui va se l\\u2019approprier.\",\"content_en_gb\":\"The creations of La Belle Bleue are designed for both men and women. It is essential, even crucial, that women give their feedback on the designers' ideas, during the preliminary phase, at the sketch stage, and throughout the creation of the prototype. Similarly, the packaging process is an important moment in the success of a project. Evelyne oversees these various steps. Every detail is carefully examined to ensure that the final product is beautiful, comfortable to wear, and meets the unique criteria sought by the person who will make it their own.\\n\",\"margin\":\"large\",\"margin_remove_top\":true,\"maxwidth\":\"large\",\"parallax_breakpoint\":\"m\",\"parallax_y\":\"100,-100\"}}]},{\"type\":\"column\",\"props\":{\"image_position\":\"center-center\",\"position_sticky_breakpoint\":\"m\",\"width_medium\":\"1-3\"},\"children\":[{\"type\":\"image\",\"props\":{\"animation\":\"none\",\"image\":\"wp-content\\\/uploads\\\/2025\\\/03\\\/evelyne-bocage.jpg\",\"image_svg_color\":\"emphasis\",\"image_width\":\"1230\",\"margin\":\"default\",\"text_color\":\"light\"}}]}]},{\"type\":\"row\",\"props\":{\"layout\":\"1-2,1-2\",\"margin\":\"medium\",\"margin_remove_bottom\":false,\"row_gap\":\"large\",\"width\":\"expand\"},\"children\":[{\"type\":\"column\",\"props\":{\"image_position\":\"center-center\",\"order_first\":\"xs\",\"position_sticky_breakpoint\":\"m\",\"width_medium\":\"1-2\"},\"children\":[{\"type\":\"image\",\"props\":{\"animation\":\"none\",\"image\":\"wp-content\\\/uploads\\\/2025\\\/02\\\/vincent.jpg\",\"image_svg_color\":\"emphasis\",\"image_width\":\"1230\",\"margin\":\"default\",\"text_color\":\"light\"}}]},{\"type\":\"column\",\"props\":{\"image_position\":\"center-center\",\"position_sticky_breakpoint\":\"m\",\"vertical_align\":\"middle\",\"width_medium\":\"1-2\"},\"children\":[{\"type\":\"headline\",\"props\":{\"animation\":\"parallax\",\"block_align\":\"center\",\"content\":\"Vincent BOCAGE\",\"margin\":\"small\",\"maxwidth\":\"large\",\"parallax_breakpoint\":\"m\",\"parallax_y\":\"100,-100\",\"title_element\":\"h3\",\"title_style\":\"heading-medium\"}},{\"type\":\"headline\",\"props\":{\"animation\":\"parallax\",\"block_align\":\"center\",\"content\":\"Gemmologue\",\"content_en_gb\":\"Gemologist\\n\",\"margin\":\"large\",\"margin_remove_top\":true,\"maxwidth\":\"large\",\"parallax_breakpoint\":\"m\",\"parallax_y\":\"100,-100\",\"title_color\":\"muted\",\"title_element\":\"div\",\"title_style\":\"h3\"}},{\"type\":\"text\",\"props\":{\"animation\":\"parallax\",\"block_align\":\"center\",\"column_breakpoint\":\"m\",\"content\":\"\n\n<p>Apr\\u00e8s un cursus d\\u2019\\u00e9tudes sup\\u00e9rieures en droit des assurances, Vincent a souhait\\u00e9 r\\u00e9orienter sa jeune carri\\u00e8re vers un cursus en gemmologie. Passionn\\u00e9 de pierres pr\\u00e9cieuses depuis son enfance, il a d\\u00e9cid\\u00e9 d\\u2019int\\u00e9grer l\\u2019Institut Europ\\u00e9en de Gemmologie \\u00e0 Paris.<\\\/p>\n\n<p>\\nSes contacts avec les gemmologues et min\\u00e9ralogistes dans les grands salons internationaux d\\u00e9di\\u00e9s aux pierres pr\\u00e9cieuses, lui donnent aujourd\\u2019hui un acc\\u00e8s privil\\u00e9gi\\u00e9 \\u00e0 des pierres pr\\u00e9cieuses rares, voire tr\\u00e8s rares. <\\\/p>\\n\",\"content_en_gb\":\"\n\n<p>After completing a higher education program in insurance law, Vincent decided to redirect his young career towards gemology. Passionate about gemstones since childhood, he chose to join the European Institute of Gemology in Paris.<\\\/p>\n\n<p>\\nHis interactions with gemologists and mineralogists at major international fairs dedicated to precious stones now give him privileged access to rare, even very rare, gemstones.<\\\/p>\\n\",\"margin\":\"large\",\"margin_remove_top\":true,\"maxwidth\":\"large\",\"parallax_breakpoint\":\"m\",\"parallax_y\":\"100,-100\"}}]}]}],\"name\":\"Team\"}],\"version\":\"4.5.6\",\"yooessentialsVersion\":\"2.3.4\"} --><\/p>\n","protected":false},"excerpt":{"rendered":"<p>BocageCr\u00e9ations une \u00e9quipe de professionnels passionn\u00e9s par leur m\u00e9tier. Chaque membre de notre \u00e9quipe apporte son savoir-faire et sa cr\u00e9ativit\u00e9 pour donner vie \u00e0 des cr\u00e9ations uniques. \u00ab Les feux d&#8217;artifice sont \u00e9poustouflants pour les jeunes et les moins jeunes.Le Petit Prince d&#8217;Antoine de Saint-Exup\u00e9ry ne l&#8217;aurait pas ni\u00e9. \u00bb G\u00e9rard BOCAGE Pr\u00e9sident G\u00e9rard Bocage, [&hellip;]<\/p>\n","protected":false},"author":1,"featured_media":0,"parent":0,"menu_order":0,"comment_status":"closed","ping_status":"closed","template":"","meta":{"footnotes":""},"class_list":["post-32","page","type-page","status-publish","hentry"],"yoast_head":"<!-- This site is optimized with the Yoast SEO plugin v24.6 - https:\/\/yoast.com\/wordpress\/plugins\/seo\/ -->\n<title>Bocage Cr\u00e9ations<\/title>\n<meta name=\"robots\" content=\"index, follow, max-snippet:-1, max-image-preview:large, max-video-preview:-1\" \/>\n<meta property=\"og:locale\" content=\"en_GB\" \/>\n<meta property=\"og:type\" content=\"article\" \/>\n<meta property=\"og:title\" content=\"Bocage Cr\u00e9ations\" \/>\n<meta property=\"og:url\" content=\"https:\/\/www.labellebleue.com\/en\/bocage-creations\/\" \/>\n<meta property=\"og:site_name\" content=\"La Belle Bleue\" \/>\n<meta property=\"article:modified_time\" content=\"2025-03-21T14:16:32+00:00\" \/>\n<meta name=\"twitter:card\" content=\"summary_large_image\" \/>\n<meta name=\"twitter:label1\" content=\"Est. reading time\" \/>\n\t<meta name=\"twitter:data1\" content=\"3 minutes\" \/>\n<script type=\"application\/ld+json\" class=\"yoast-schema-graph\">{\"@context\":\"https:\/\/schema.org\",\"@graph\":[{\"@type\":\"WebPage\",\"@id\":\"https:\/\/www.labellebleue.com\/en\/bocage-creations\/\",\"url\":\"https:\/\/www.labellebleue.com\/en\/bocage-creations\/\",\"name\":\"Bocage Cr\u00e9ations - L'artisanat derri\u00e8re La Belle Bleue\",\"isPartOf\":{\"@id\":\"https:\/\/www.labellebleue.com\/#website\"},\"datePublished\":\"2025-02-17T11:17:58+00:00\",\"dateModified\":\"2025-03-21T14:16:32+00:00\",\"description\":\"D\u00e9couvrez Bocage Cr\u00e9ations, l'\u00e9quipe passionn\u00e9e derri\u00e8re La Belle Bleue. Plongez dans notre univers d'artisanat d'exception, o\u00f9 chaque montre, horloge et bijou est con\u00e7u avec une pr\u00e9cision et une passion in\u00e9gal\u00e9es.\",\"breadcrumb\":{\"@id\":\"https:\/\/www.labellebleue.com\/en\/bocage-creations\/#breadcrumb\"},\"inLanguage\":\"en-GB\",\"potentialAction\":[{\"@type\":\"ReadAction\",\"target\":[\"https:\/\/www.labellebleue.com\/en\/bocage-creations\/\"]}]},{\"@type\":\"BreadcrumbList\",\"@id\":\"https:\/\/www.labellebleue.com\/en\/bocage-creations\/#breadcrumb\",\"itemListElement\":[{\"@type\":\"ListItem\",\"position\":1,\"name\":\"Home\",\"item\":\"https:\/\/www.labellebleue.com\/\"},{\"@type\":\"ListItem\",\"position\":2,\"name\":\"Bocage Cr\u00e9ations\"}]},{\"@type\":\"WebSite\",\"@id\":\"https:\/\/www.labellebleue.com\/en\/#website\",\"url\":\"https:\/\/www.labellebleue.com\/en\/\",\"name\":\"La Belle Bleue\",\"description\":\"\",\"publisher\":{\"@id\":\"https:\/\/www.labellebleue.com\/en\/#organization\"},\"potentialAction\":[{\"@type\":\"SearchAction\",\"target\":{\"@type\":\"EntryPoint\",\"urlTemplate\":\"https:\/\/www.labellebleue.com\/en\/?s={search_term_string}\"},\"query-input\":{\"@type\":\"PropertyValueSpecification\",\"valueRequired\":true,\"valueName\":\"search_term_string\"}}],\"inLanguage\":\"en-GB\"},{\"@type\":\"Organization\",\"@id\":\"https:\/\/www.labellebleue.com\/en\/#organization\",\"name\":\"La Belle Bleue\",\"url\":\"https:\/\/www.labellebleue.com\/en\/\",\"logo\":{\"@type\":\"ImageObject\",\"inLanguage\":\"en-GB\",\"@id\":\"https:\/\/www.labellebleue.com\/en\/#\/schema\/logo\/image\/\",\"url\":\"https:\/\/www.labellebleue.com\/wp-content\/uploads\/2025\/02\/la-belle-bleue-logo-h-coul.svg\",\"contentUrl\":\"https:\/\/www.labellebleue.com\/wp-content\/uploads\/2025\/02\/la-belle-bleue-logo-h-coul.svg\",\"width\":1,\"height\":1,\"caption\":\"La Belle Bleue\"},\"image\":{\"@id\":\"https:\/\/www.labellebleue.com\/en\/#\/schema\/logo\/image\/\"}}]}<\/script>\n<!-- \/ Yoast SEO plugin. -->","yoast_head_json":{"title":"Bocage Cr\u00e9ations","robots":{"index":"index","follow":"follow","max-snippet":"max-snippet:-1","max-image-preview":"max-image-preview:large","max-video-preview":"max-video-preview:-1"},"og_locale":"en_GB","og_type":"article","og_title":"Bocage Cr\u00e9ations","og_url":"https:\/\/www.labellebleue.com\/en\/bocage-creations\/","og_site_name":"La Belle Bleue","article_modified_time":"2025-03-21T14:16:32+00:00","twitter_card":"summary_large_image","twitter_misc":{"Est. reading time":"3 minutes"},"schema":{"@context":"https:\/\/schema.org","@graph":[{"@type":"WebPage","@id":"https:\/\/www.labellebleue.com\/en\/bocage-creations\/","url":"https:\/\/www.labellebleue.com\/en\/bocage-creations\/","name":"Bocage Cr\u00e9ations - L'artisanat derri\u00e8re La Belle Bleue","isPartOf":{"@id":"https:\/\/www.labellebleue.com\/#website"},"datePublished":"2025-02-17T11:17:58+00:00","dateModified":"2025-03-21T14:16:32+00:00","description":"D\u00e9couvrez Bocage Cr\u00e9ations, l'\u00e9quipe passionn\u00e9e derri\u00e8re La Belle Bleue. Plongez dans notre univers d'artisanat d'exception, o\u00f9 chaque montre, horloge et bijou est con\u00e7u avec une pr\u00e9cision et une passion in\u00e9gal\u00e9es.","breadcrumb":{"@id":"https:\/\/www.labellebleue.com\/en\/bocage-creations\/#breadcrumb"},"inLanguage":"en-GB","potentialAction":[{"@type":"ReadAction","target":["https:\/\/www.labellebleue.com\/en\/bocage-creations\/"]}]},{"@type":"BreadcrumbList","@id":"https:\/\/www.labellebleue.com\/en\/bocage-creations\/#breadcrumb","itemListElement":[{"@type":"ListItem","position":1,"name":"Home","item":"https:\/\/www.labellebleue.com\/"},{"@type":"ListItem","position":2,"name":"Bocage Cr\u00e9ations"}]},{"@type":"WebSite","@id":"https:\/\/www.labellebleue.com\/en\/#website","url":"https:\/\/www.labellebleue.com\/en\/","name":"La Belle Bleue","description":"","publisher":{"@id":"https:\/\/www.labellebleue.com\/en\/#organization"},"potentialAction":[{"@type":"SearchAction","target":{"@type":"EntryPoint","urlTemplate":"https:\/\/www.labellebleue.com\/en\/?s={search_term_string}"},"query-input":{"@type":"PropertyValueSpecification","valueRequired":true,"valueName":"search_term_string"}}],"inLanguage":"en-GB"},{"@type":"Organization","@id":"https:\/\/www.labellebleue.com\/en\/#organization","name":"La Belle Bleue","url":"https:\/\/www.labellebleue.com\/en\/","logo":{"@type":"ImageObject","inLanguage":"en-GB","@id":"https:\/\/www.labellebleue.com\/en\/#\/schema\/logo\/image\/","url":"https:\/\/www.labellebleue.com\/wp-content\/uploads\/2025\/02\/la-belle-bleue-logo-h-coul.svg","contentUrl":"https:\/\/www.labellebleue.com\/wp-content\/uploads\/2025\/02\/la-belle-bleue-logo-h-coul.svg","width":1,"height":1,"caption":"La Belle Bleue"},"image":{"@id":"https:\/\/www.labellebleue.com\/en\/#\/schema\/logo\/image\/"}}]}},"_links":{"self":[{"href":"https:\/\/www.labellebleue.com\/en\/wp-json\/wp\/v2\/pages\/32","targetHints":{"allow":["GET"]}}],"collection":[{"href":"https:\/\/www.labellebleue.com\/en\/wp-json\/wp\/v2\/pages"}],"about":[{"href":"https:\/\/www.labellebleue.com\/en\/wp-json\/wp\/v2\/types\/page"}],"author":[{"embeddable":true,"href":"https:\/\/www.labellebleue.com\/en\/wp-json\/wp\/v2\/users\/1"}],"replies":[{"embeddable":true,"href":"https:\/\/www.labellebleue.com\/en\/wp-json\/wp\/v2\/comments?post=32"}],"version-history":[{"count":51,"href":"https:\/\/www.labellebleue.com\/en\/wp-json\/wp\/v2\/pages\/32\/revisions"}],"predecessor-version":[{"id":527,"href":"https:\/\/www.labellebleue.com\/en\/wp-json\/wp\/v2\/pages\/32\/revisions\/527"}],"wp:attachment":[{"href":"https:\/\/www.labellebleue.com\/en\/wp-json\/wp\/v2\/media?parent=32"}],"curies":[{"name":"wp","href":"https:\/\/api.w.org\/{rel}","templated":true}]}}