{"id":30,"date":"2025-02-17T12:19:29","date_gmt":"2025-02-17T11:19:29","guid":{"rendered":"https:\/\/www.labellebleue.com\/?page_id=30"},"modified":"2025-03-21T15:09:58","modified_gmt":"2025-03-21T14:09:58","slug":"ambassadeurs","status":"publish","type":"page","link":"https:\/\/www.labellebleue.com\/en\/ambassadors\/","title":{"rendered":"Ambassadors"},"content":{"rendered":"<h1>Ambassadeurs<\/h1>\n<h2>Esteban HERRAULT<\/h2>\n<div>M\u00e9daill\u00e9 de bronze PARIS 2024<br \/>Cat\u00e9gorie Tennis de table double \/ Paralympique.<\/div>\n<div>\n<p>Atteint d\u2019un handicap de naissance suite \u00e0<br \/>\nune erreur m\u00e9dicale, la pratique du sport<br \/>\nde haut niveau a permis \u00e0 Esteban de se<br \/>\nsurpasser.<\/p>\n<p>Maintenant, il oeuvre en alternance avec<br \/>\nles comp\u00e9titions et l\u2019organisation de<br \/>\nconf\u00e9rences sur l\u2019int\u00e9gration du handicap<br \/>\n    dans le sport et dans l\u2019entreprise.<\/p>\n<\/div>\n<p><img decoding=\"async\" src=\"\/wp-content\/uploads\/2025\/02\/esteban-herrault-portrait.png\" alt=\"\"><br \/>\n<img decoding=\"async\" src=\"\/wp-content\/uploads\/2025\/02\/cyril-neveu-portrait.png\" alt=\"\"><\/p>\n<h2>Cyril NEVEU<\/h2>\n<div>Pilote moto de 1978 \u00e0 1991<\/div>\n<div>\n<p>Cyril Neveu s\u2019est fait connaitre au grand<br \/>\npublic sur le tout premier Paris Dakar de<br \/>\nl\u2019histoire qu\u2019il remporta en 1979 et ensuite<br \/>\n    en 1980 &#8211; 1982 &#8211; 1986 &#8211; 1987.<\/p>\n<p>Depuis, il organise des rallyes raids<br \/>\nde coupe du monde ainsi que de<br \/>\nnombreux rallyes pour les passionn\u00e9s<br \/>\nde belles m\u00e9caniques.<\/p>\n<\/div>\n<p><a href=\"http:\/\/www.rallye-maroc-classic.com\/\"><img decoding=\"async\" src=\"\/wp-content\/uploads\/2025\/03\/logo-classic-maroc.png\" alt=\"\"><\/a><\/p>\n<p><!--more--><br \/>\n<!-- {\"type\":\"layout\",\"children\":[{\"type\":\"section\",\"props\":{\"animation\":\"fade\",\"header_transparent\":true,\"header_transparent_noplaceholder\":false,\"height_viewport\":300,\"image\":\"wp-content\\\/uploads\\\/2025\\\/02\\\/AdobeStock_912709120-scaled.jpeg\",\"image_effect\":\"parallax\",\"image_loading\":true,\"image_parallax_bgy\":\"40vh\",\"image_position\":\"top-center\",\"image_size\":\"width-1-1\",\"image_width\":2000,\"media_overlay\":\"rgba(0, 0, 0, 0.75)\",\"media_overlay_parallax_opacity\":\"0,1\",\"padding_remove_bottom\":false,\"padding_remove_top\":true,\"preserve_color\":false,\"style\":\"default\",\"text_color\":\"light\",\"title_breakpoint\":\"xl\",\"title_position\":\"top-left\",\"title_rotation\":\"left\",\"vertical_align\":\"\",\"width\":\"expand\"},\"children\":[{\"type\":\"row\",\"children\":[{\"type\":\"column\",\"props\":{\"image_position\":\"center-center\",\"position_sticky_breakpoint\":\"m\",\"vertical_align\":\"middle\"},\"children\":[{\"type\":\"headline\",\"props\":{\"animation\":\"none\",\"content\":\"Ambassadeurs\",\"content_en_gb\":\"Ambassadors\",\"title_element\":\"h1\",\"title_style\":\"heading-xlarge\"}}]}],\"props\":{\"height\":\"pixels\",\"height_offset_top\":true,\"height_viewport\":300,\"margin\":\"remove-vertical\"}}],\"name\":\"Hero\"},{\"type\":\"section\",\"props\":{\"image_position\":\"center-center\",\"padding_remove_bottom\":true,\"style\":\"default\",\"title_breakpoint\":\"xl\",\"title_position\":\"top-left\",\"title_rotation\":\"left\",\"vertical_align\":\"middle\",\"width\":\"default\"},\"children\":[{\"type\":\"row\",\"props\":{\"layout\":\"3-5,2-5\"},\"children\":[{\"type\":\"column\",\"props\":{\"image_position\":\"center-center\",\"position_sticky_breakpoint\":\"m\",\"vertical_align\":\"middle\",\"width_medium\":\"3-5\"},\"children\":[{\"type\":\"headline\",\"props\":{\"content\":\"Esteban HERRAULT\",\"margin_remove_bottom\":true,\"title_element\":\"h2\",\"title_font_family\":\"secondary\",\"title_style\":\"heading-small\"}},{\"type\":\"text\",\"props\":{\"column_breakpoint\":\"m\",\"content\":\"M\\u00e9daill\\u00e9 de bronze PARIS 2024<br \/>Cat\\u00e9gorie Tennis de table double \\\/ Paralympique.\",\"content_en_gb\":\"Bronze Medalist PARIS 2024<br \/>Table Tennis Doubles \\\/ Paralympic Category.\\n\",\"margin\":\"small\",\"margin_remove_top\":true}},{\"type\":\"text\",\"props\":{\"column_breakpoint\":\"m\",\"content\":\"\n\n<p>Atteint d\\u2019un handicap de naissance suite \\u00e0\\nune erreur m\\u00e9dicale, la pratique du sport\\nde haut niveau a permis \\u00e0 Esteban de se\\nsurpasser.<\\\/p>\\n\n\n<p>Maintenant, il oeuvre en alternance avec\\nles comp\\u00e9titions et l\\u2019organisation de\\nconf\\u00e9rences sur l\\u2019int\\u00e9gration du handicap\\n    dans le sport et dans l\\u2019entreprise.<\\\/p>\",\"content_en_gb\":\"\n\n<p>Born with a disability due to a medical error, Esteban's practice of high-level sport has allowed him to surpass himself.<\\\/p>\\n\n\n<p>Now, he alternates between competitions and organizing conferences on the integration of disabilities in both sports and business.<\\\/p>\\n\",\"margin\":\"default\"}}]},{\"type\":\"column\",\"props\":{\"image_position\":\"center-center\",\"position_sticky_breakpoint\":\"m\",\"width_medium\":\"2-5\"},\"children\":[{\"type\":\"image\",\"props\":{\"image\":\"wp-content\\\/uploads\\\/2025\\\/02\\\/esteban-herrault-portrait.png\",\"image_svg_color\":\"emphasis\",\"margin\":\"default\"}}]}]}]},{\"type\":\"section\",\"props\":{\"image_position\":\"center-center\",\"padding_remove_bottom\":true,\"style\":\"secondary\",\"title_breakpoint\":\"xl\",\"title_position\":\"top-left\",\"title_rotation\":\"left\",\"vertical_align\":\"middle\",\"width\":\"default\"},\"children\":[{\"type\":\"row\",\"props\":{\"layout\":\"2-5,3-5\"},\"children\":[{\"type\":\"column\",\"props\":{\"image_position\":\"center-center\",\"position_sticky_breakpoint\":\"m\",\"width_medium\":\"2-5\"},\"children\":[{\"type\":\"image\",\"props\":{\"image\":\"wp-content\\\/uploads\\\/2025\\\/02\\\/cyril-neveu-portrait.png\",\"image_svg_color\":\"emphasis\",\"margin\":\"default\"}}]},{\"type\":\"column\",\"props\":{\"image_position\":\"center-center\",\"position_sticky_breakpoint\":\"m\",\"vertical_align\":\"middle\",\"width_medium\":\"3-5\"},\"children\":[{\"type\":\"headline\",\"props\":{\"content\":\"Cyril NEVEU\",\"margin_remove_bottom\":true,\"title_element\":\"h2\",\"title_font_family\":\"secondary\",\"title_style\":\"heading-small\"}},{\"type\":\"text\",\"props\":{\"column_breakpoint\":\"m\",\"content\":\"Pilote moto de 1978 \\u00e0 1991\",\"content_en_gb\":\"Motorcycle Racer from 1978 to 1991\\n\",\"margin\":\"small\",\"margin_remove_top\":true}},{\"type\":\"text\",\"props\":{\"column_breakpoint\":\"m\",\"content\":\"\n\n<p>Cyril Neveu s\\u2019est fait connaitre au grand\\npublic sur le tout premier Paris Dakar de\\nl\\u2019histoire qu\\u2019il remporta en 1979 et ensuite\\n    en 1980 - 1982 - 1986 - 1987.<\\\/p>\\n\n\n<p>Depuis, il organise des rallyes raids\\nde coupe du monde ainsi que de\\nnombreux rallyes pour les passionn\\u00e9s\\nde belles m\\u00e9caniques.<\\\/p>\",\"content_en_gb\":\"\n\n<p>Cyril Neveu became known to the public after winning the very first Paris Dakar in history in 1979, and then in 1980, 1982, 1986, and 1987.<\\\/p>\\n\n\n<p>Since then, he has been organizing World Cup rally raids as well as numerous rallies for enthusiasts of fine mechanics.<\\\/p>\\n\",\"margin\":\"default\"}},{\"type\":\"image\",\"props\":{\"image\":\"wp-content\\\/uploads\\\/2025\\\/03\\\/logo-classic-maroc.png\",\"image_svg_color\":\"emphasis\",\"image_width\":250,\"link\":\"http:\\\/\\\/www.rallye-maroc-classic.com\\\/\",\"link_target\":\"blank\",\"margin\":\"default\"}}]}]}]}],\"version\":\"4.5.6\",\"yooessentialsVersion\":\"2.3.4\"} --><\/p>\n","protected":false},"excerpt":{"rendered":"<p>Ambassadeurs Esteban HERRAULT M\u00e9daill\u00e9 de bronze PARIS 2024Cat\u00e9gorie Tennis de table double \/ Paralympique. Atteint d\u2019un handicap de naissance suite \u00e0 une erreur m\u00e9dicale, la pratique du sport de haut niveau a permis \u00e0 Esteban de se surpasser. Maintenant, il oeuvre en alternance avec les comp\u00e9titions et l\u2019organisation de conf\u00e9rences sur l\u2019int\u00e9gration du handicap dans [&hellip;]<\/p>\n","protected":false},"author":1,"featured_media":0,"parent":0,"menu_order":0,"comment_status":"closed","ping_status":"closed","template":"","meta":{"footnotes":""},"class_list":["post-30","page","type-page","status-publish","hentry"],"yoast_head":"<!-- This site is optimized with the Yoast SEO plugin v24.6 - https:\/\/yoast.com\/wordpress\/plugins\/seo\/ -->\n<title>Ambassadors<\/title>\n<meta name=\"robots\" content=\"index, follow, max-snippet:-1, max-image-preview:large, max-video-preview:-1\" \/>\n<meta property=\"og:locale\" content=\"en_GB\" \/>\n<meta property=\"og:type\" content=\"article\" \/>\n<meta property=\"og:title\" content=\"Ambassadors\" \/>\n<meta property=\"og:url\" content=\"https:\/\/www.labellebleue.com\/en\/ambassadors\/\" \/>\n<meta property=\"og:site_name\" content=\"La Belle Bleue\" \/>\n<meta property=\"article:modified_time\" content=\"2025-03-21T14:09:58+00:00\" \/>\n<meta name=\"twitter:card\" content=\"summary_large_image\" \/>\n<meta name=\"twitter:label1\" content=\"Est. reading time\" \/>\n\t<meta name=\"twitter:data1\" content=\"1 minute\" \/>\n<script type=\"application\/ld+json\" class=\"yoast-schema-graph\">{\"@context\":\"https:\/\/schema.org\",\"@graph\":[{\"@type\":\"WebPage\",\"@id\":\"https:\/\/www.labellebleue.com\/en\/ambassadors\/\",\"url\":\"https:\/\/www.labellebleue.com\/en\/ambassadors\/\",\"name\":\"Nos Ambassadeurs - Visages de notre marque\",\"isPartOf\":{\"@id\":\"https:\/\/www.labellebleue.com\/#website\"},\"datePublished\":\"2025-02-17T11:19:29+00:00\",\"dateModified\":\"2025-03-21T14:09:58+00:00\",\"description\":\"Rencontrez les ambassadeurs de La Belle Bleue, des personnalit\u00e9s qui incarnent l'\u00e9l\u00e9gance, le savoir-faire et l'authenticit\u00e9 de nos collections de montres, horloges et bijoux.\",\"breadcrumb\":{\"@id\":\"https:\/\/www.labellebleue.com\/en\/ambassadors\/#breadcrumb\"},\"inLanguage\":\"en-GB\",\"potentialAction\":[{\"@type\":\"ReadAction\",\"target\":[\"https:\/\/www.labellebleue.com\/en\/ambassadors\/\"]}]},{\"@type\":\"BreadcrumbList\",\"@id\":\"https:\/\/www.labellebleue.com\/en\/ambassadors\/#breadcrumb\",\"itemListElement\":[{\"@type\":\"ListItem\",\"position\":1,\"name\":\"Home\",\"item\":\"https:\/\/www.labellebleue.com\/\"},{\"@type\":\"ListItem\",\"position\":2,\"name\":\"Ambassadors\"}]},{\"@type\":\"WebSite\",\"@id\":\"https:\/\/www.labellebleue.com\/en\/#website\",\"url\":\"https:\/\/www.labellebleue.com\/en\/\",\"name\":\"La Belle Bleue\",\"description\":\"\",\"publisher\":{\"@id\":\"https:\/\/www.labellebleue.com\/en\/#organization\"},\"potentialAction\":[{\"@type\":\"SearchAction\",\"target\":{\"@type\":\"EntryPoint\",\"urlTemplate\":\"https:\/\/www.labellebleue.com\/en\/?s={search_term_string}\"},\"query-input\":{\"@type\":\"PropertyValueSpecification\",\"valueRequired\":true,\"valueName\":\"search_term_string\"}}],\"inLanguage\":\"en-GB\"},{\"@type\":\"Organization\",\"@id\":\"https:\/\/www.labellebleue.com\/en\/#organization\",\"name\":\"La Belle Bleue\",\"url\":\"https:\/\/www.labellebleue.com\/en\/\",\"logo\":{\"@type\":\"ImageObject\",\"inLanguage\":\"en-GB\",\"@id\":\"https:\/\/www.labellebleue.com\/en\/#\/schema\/logo\/image\/\",\"url\":\"https:\/\/www.labellebleue.com\/wp-content\/uploads\/2025\/02\/la-belle-bleue-logo-h-coul.svg\",\"contentUrl\":\"https:\/\/www.labellebleue.com\/wp-content\/uploads\/2025\/02\/la-belle-bleue-logo-h-coul.svg\",\"width\":1,\"height\":1,\"caption\":\"La Belle Bleue\"},\"image\":{\"@id\":\"https:\/\/www.labellebleue.com\/en\/#\/schema\/logo\/image\/\"}}]}<\/script>\n<!-- \/ Yoast SEO plugin. -->","yoast_head_json":{"title":"Ambassadors","robots":{"index":"index","follow":"follow","max-snippet":"max-snippet:-1","max-image-preview":"max-image-preview:large","max-video-preview":"max-video-preview:-1"},"og_locale":"en_GB","og_type":"article","og_title":"Ambassadors","og_url":"https:\/\/www.labellebleue.com\/en\/ambassadors\/","og_site_name":"La Belle Bleue","article_modified_time":"2025-03-21T14:09:58+00:00","twitter_card":"summary_large_image","twitter_misc":{"Est. reading time":"1 minute"},"schema":{"@context":"https:\/\/schema.org","@graph":[{"@type":"WebPage","@id":"https:\/\/www.labellebleue.com\/en\/ambassadors\/","url":"https:\/\/www.labellebleue.com\/en\/ambassadors\/","name":"Nos Ambassadeurs - Visages de notre marque","isPartOf":{"@id":"https:\/\/www.labellebleue.com\/#website"},"datePublished":"2025-02-17T11:19:29+00:00","dateModified":"2025-03-21T14:09:58+00:00","description":"Rencontrez les ambassadeurs de La Belle Bleue, des personnalit\u00e9s qui incarnent l'\u00e9l\u00e9gance, le savoir-faire et l'authenticit\u00e9 de nos collections de montres, horloges et bijoux.","breadcrumb":{"@id":"https:\/\/www.labellebleue.com\/en\/ambassadors\/#breadcrumb"},"inLanguage":"en-GB","potentialAction":[{"@type":"ReadAction","target":["https:\/\/www.labellebleue.com\/en\/ambassadors\/"]}]},{"@type":"BreadcrumbList","@id":"https:\/\/www.labellebleue.com\/en\/ambassadors\/#breadcrumb","itemListElement":[{"@type":"ListItem","position":1,"name":"Home","item":"https:\/\/www.labellebleue.com\/"},{"@type":"ListItem","position":2,"name":"Ambassadors"}]},{"@type":"WebSite","@id":"https:\/\/www.labellebleue.com\/en\/#website","url":"https:\/\/www.labellebleue.com\/en\/","name":"La Belle Bleue","description":"","publisher":{"@id":"https:\/\/www.labellebleue.com\/en\/#organization"},"potentialAction":[{"@type":"SearchAction","target":{"@type":"EntryPoint","urlTemplate":"https:\/\/www.labellebleue.com\/en\/?s={search_term_string}"},"query-input":{"@type":"PropertyValueSpecification","valueRequired":true,"valueName":"search_term_string"}}],"inLanguage":"en-GB"},{"@type":"Organization","@id":"https:\/\/www.labellebleue.com\/en\/#organization","name":"La Belle Bleue","url":"https:\/\/www.labellebleue.com\/en\/","logo":{"@type":"ImageObject","inLanguage":"en-GB","@id":"https:\/\/www.labellebleue.com\/en\/#\/schema\/logo\/image\/","url":"https:\/\/www.labellebleue.com\/wp-content\/uploads\/2025\/02\/la-belle-bleue-logo-h-coul.svg","contentUrl":"https:\/\/www.labellebleue.com\/wp-content\/uploads\/2025\/02\/la-belle-bleue-logo-h-coul.svg","width":1,"height":1,"caption":"La Belle Bleue"},"image":{"@id":"https:\/\/www.labellebleue.com\/en\/#\/schema\/logo\/image\/"}}]}},"_links":{"self":[{"href":"https:\/\/www.labellebleue.com\/en\/wp-json\/wp\/v2\/pages\/30","targetHints":{"allow":["GET"]}}],"collection":[{"href":"https:\/\/www.labellebleue.com\/en\/wp-json\/wp\/v2\/pages"}],"about":[{"href":"https:\/\/www.labellebleue.com\/en\/wp-json\/wp\/v2\/types\/page"}],"author":[{"embeddable":true,"href":"https:\/\/www.labellebleue.com\/en\/wp-json\/wp\/v2\/users\/1"}],"replies":[{"embeddable":true,"href":"https:\/\/www.labellebleue.com\/en\/wp-json\/wp\/v2\/comments?post=30"}],"version-history":[{"count":41,"href":"https:\/\/www.labellebleue.com\/en\/wp-json\/wp\/v2\/pages\/30\/revisions"}],"predecessor-version":[{"id":520,"href":"https:\/\/www.labellebleue.com\/en\/wp-json\/wp\/v2\/pages\/30\/revisions\/520"}],"wp:attachment":[{"href":"https:\/\/www.labellebleue.com\/en\/wp-json\/wp\/v2\/media?parent=30"}],"curies":[{"name":"wp","href":"https:\/\/api.w.org\/{rel}","templated":true}]}}