{"id":3,"date":"2025-02-17T11:59:08","date_gmt":"2025-02-17T10:59:08","guid":{"rendered":"https:\/\/www.labellebleue.com\/?page_id=3"},"modified":"2025-03-17T10:46:45","modified_gmt":"2025-03-17T09:46:45","slug":"politique-de-confidentialite","status":"publish","type":"page","link":"https:\/\/www.labellebleue.com\/en\/privacy-policy\/","title":{"rendered":"Privacy policy"},"content":{"rendered":"<div>\n<h1 class=\"uk-margin uk-text-left\" data-id=\"page#0-0-0-0\" data-element=\"\">Politique de confidentialit\u00e9<\/h1>\n<div class=\"uk-panel uk-margin uk-text-left\" data-id=\"page#0-0-0-0\" data-element=\"\">Soucieux de la protection des donn\u00e9es personnelles de nos clients et prospects, nous nous engageons \u00e0 respecter les dispositions de la loi n\u00b078-17 du 6 janvier 1978 telle que modifi\u00e9e, relative \u00e0 l\u2019informatique, aux fichiers et aux libert\u00e9s ainsi que celles du r\u00e8glement (UE) n\u00b02016\/679 du 27 avril 2016.<br \/>En tant que responsable de traitement, nous nous engageons \u00e0 respecter la confidentialit\u00e9 et la s\u00e9curit\u00e9 de vos donn\u00e9es personnelles, conform\u00e9ment \u00e0 la pr\u00e9sente Politique de Confidentialit\u00e9.<br \/>En utilisant notre Site, vous d\u00e9clarez accepter sans r\u00e9serve les termes de la pr\u00e9sente Politique de Confidentialit\u00e9.<br \/>Nous pourrons modifier librement la pr\u00e9sente Politique de Confidentialit\u00e9. Toute modification prendra effet d\u00e8s publication.<\/div>\n<h3 class=\"uk-margin uk-text-left\" data-id=\"page#0-0-0-0\" data-element=\"\">Qui est le responsable de traitement des donn\u00e9es personnelles ?<\/h3>\n<div class=\"uk-panel uk-margin uk-text-left\" data-id=\"page#0-0-0-0\" data-element=\"\">Le responsable du traitement est la personne physique ou morale qui, seule ou conjointement avec d\u2019autres, d\u00e9termine les finalit\u00e9s et les moyens du traitement.<br \/>Le responsable du traitement des donn\u00e9es personnelles transmises dans le cadre notamment de la navigation sur le site est :<\/p>\n<p><span class=\"uk-margin uk-text-left\" data-id=\"page#0-0-0-0\" data-element=\"\">G\u00e9rard BOCAGE<\/span> <br \/>T\u00e9l\u00e9phone : 02.47.80.48.92<a href=\"tel:+33\" target=\"_blanck\"> <\/a> <br \/>Email : <joomla-hidden-mail is-link=\"1\" is-email=\"1\" first=\"d2Vic2l0ZQ==\" last=\"bGVxdWVzdHJlLXNhdW11cnZhbGRlbG9pcmUuZnI=\" text=\"d2Vic2l0ZUBsZXF1ZXN0cmUtc2F1bXVydmFsZGVsb2lyZS5mcg==\" base=\"\"><a href=\"mailto:contact@labellebleue.com\" base=\"\">contact@labellebleue.com<\/a><\/joomla-hidden-mail> <br \/>Adresse : <span class=\"uk-margin uk-text-left\" data-id=\"page#0-0-0-0\" data-element=\"\">24 Rue Louis Braille F-37000 TOURS<\/span><\/div>\n<h3 class=\"uk-margin uk-text-left\" data-id=\"page#0-0-0-0\" data-element=\"\">Quelles donn\u00e9es personnelles sont collect\u00e9es et par quels moyens ?<\/h3>\n<div class=\"uk-panel uk-margin uk-text-left\" data-id=\"page#0-0-0-0\" data-element=\"\">G\u00e9rard BOCAGE<\/p>\n<p>en tant que responsable de traitement, est susceptible de traiter, tout ou partie, des donn\u00e9es suivantes :<\/p>\n<ul>\n<li>Nom<\/li>\n<li>Pr\u00e9nom<\/li>\n<li>Adresse email<\/li>\n<li>Objet de la demande<\/li>\n<li>Donn\u00e9es d&#8217;identification \u00e9lectronique disponibles sur ou \u00e0 partir de votre ordinateur (telles que les &#8216;cookies&#8217; ou &#8216;les adresses IP&#8217;)<\/li>\n<li>Donn\u00e9es d\u2019activit\u00e9 (type de pages visit\u00e9es, date de visite ou encore actions r\u00e9alis\u00e9es sur le site)<\/li>\n<\/ul>\n<p>Nous collectons et exploitons vos informations personnelles dans l\u2019optique de traiter vos demandes d\u2019informations et de vous dispenser un service de qualit\u00e9, de simplifier votre acc\u00e8s \u00e0 nos services.<br \/>Nous sommes susceptibles de collecter des donn\u00e9es lorsque :<\/p>\n<ul>\n<li>vous postez du contenu sur l\u2019un de nos m\u00e9dias sociaux ou que vous acceptez que nous r\u00e9utilisions le contenu que vous avez mis en ligne<\/li>\n<\/ul>\n<\/div>\n<h3 class=\"uk-margin uk-text-left\" data-id=\"page#0-0-0-0\" data-element=\"\">Pourquoi ces donn\u00e9es sont-elles collect\u00e9es ?<\/h3>\n<div class=\"uk-panel uk-margin uk-text-left\" data-id=\"page#0-0-0-0\" data-element=\"\">\n<p>La collecte de vos donn\u00e9es personnelles est n\u00e9cessaire en vue de :<\/p>\n<ul>\n<li>R\u00e9pondre \u00e0 vos questions<\/li>\n<li>Adapter la pr\u00e9sentation de notre site \u00e0 votre terminal (mobile, ordinateur ou tablette)<\/li>\n<\/ul>\n<p>Sous r\u00e9serve de votre consentement, ces donn\u00e9es nous permettent \u00e9galement de :<\/p>\n<ul>\n<li>Pouvoir r\u00e9aliser des analyses et des outils marketing<\/li>\n<li>Mettre en ligne les commentaires et les contenus post\u00e9s sur les r\u00e9seaux sociaux<\/li>\n<\/ul>\n<\/div>\n<h3 class=\"uk-margin uk-text-left\" data-id=\"page#0-0-0-0\" data-element=\"\">Allez-vous recevoir des sollicitations commerciales ?<\/h3>\n<div class=\"uk-panel uk-margin uk-text-left\" data-id=\"page#0-0-0-0\" data-element=\"\">Nous vous demanderons votre consentement explicite avant de vous adresser des communications commerciales.<br \/>Sans consentement, aucune communication ou sollicitation ne vous sera envoy\u00e9e.<\/div>\n<h3 class=\"uk-margin uk-text-left\" data-id=\"page#0-0-0-0\" data-element=\"\">Combien de temps vos donn\u00e9es seront-elles conserv\u00e9es ?<\/h3>\n<div class=\"uk-panel uk-margin uk-text-left\" data-id=\"page#0-0-0-0\" data-element=\"\">Nous veillons \u00e0 conserver les donn\u00e9es personnelles de nos prospects et clients pendant une dur\u00e9e n\u00e9cessaire aux finalit\u00e9s du traitement effectu\u00e9 ou pendant une dur\u00e9e fix\u00e9e l\u00e9galement. Les coordonn\u00e9es d\u2019un prospect qui ne r\u00e9pond \u00e0 aucune sollicitation pendant 3 ans sont supprim\u00e9es. Afin de d\u00e9terminer les d\u00e9lais de conservation opportuns, nous op\u00e9rons une distinction entre les prospects et les clients. Les donn\u00e9es personnelles des clients sont conserv\u00e9es d\u00e8s lors qu\u2019elles sont n\u00e9cessaires \u00e0 la finalit\u00e9 poursuivie. Elles sont effac\u00e9es d\u00e8s lors que le client exerce son droit \u00e0 suppression et oubli. Les donn\u00e9es contractuelles sont quant \u00e0 elles conserv\u00e9es et archiv\u00e9es pendant la dur\u00e9e n\u00e9cessaire aux obligations contractuelles (garantie, conformit\u00e9\u2026) ainsi qu\u2019aux obligations l\u00e9gales, comptables et fiscales et\/ou pendant les d\u00e9lais de prescriptions applicables. Toute personne pourra par ailleurs d\u00e9finir des directives relatives \u00e0 la gestion de ses donn\u00e9es \u00e0 caract\u00e8re personnel et \u00e0 leur conservation, leur effacement et leur communication apr\u00e8s son d\u00e9c\u00e8s. En l\u2019absence de directives pr\u00e9cises transmises de son vivant par la personne d\u00e9c\u00e9d\u00e9e, les h\u00e9ritiers pourront exercer uniquement les droits de suppression et d\u2019oubli.<\/div>\n<h3 class=\"uk-margin uk-text-left\" data-id=\"page#0-0-0-0\" data-element=\"\">Comment pouvez-vous exercer vos droits ?<\/h3>\n<div class=\"uk-panel uk-margin uk-text-left\" data-id=\"page#0-0-0-0\" data-element=\"\">Conform\u00e9ment \u00e0 la R\u00e8glementation en vigueur en mati\u00e8re de protection des donn\u00e9es \u00e0 caract\u00e8re Personnel, vous pouvez :<\/p>\n<ul>\n<li>Acc\u00e9der \u00e0 l\u2019ensemble de vos donn\u00e9es (sous r\u00e9serve de certaines restrictions),<\/li>\n<li>Rectifier, mettre \u00e0 jour vos donn\u00e9es, si elles sont inexactes, incompl\u00e8tes ou p\u00e9rim\u00e9es<\/li>\n<li>Demander la portabilit\u00e9 de vos donn\u00e9es,<\/li>\n<li>Vous opposer au traitement de vos donn\u00e9es,<\/li>\n<li>Demander la suppression de vos donn\u00e9es. Ceci n\u2019est pas un droit absolu, dans la mesure o\u00f9 nous pouvons \u00eatre contraints de conserver vos donn\u00e9es \u00e0 caract\u00e8re personnel pour des motifs l\u00e9gaux, l\u00e9gitimes ou contractuels,<\/li>\n<li>Demander une limitation des traitements que nous op\u00e9rons relatifs \u00e0 vos donn\u00e9es.<\/li>\n<\/ul>\n<\/div>\n<h3 class=\"uk-margin uk-text-left\" data-id=\"page#0-0-0-0\" data-element=\"\">Comment s\u00e9curisons-nous vos donn\u00e9es personnelles ?<\/h3>\n<div class=\"uk-panel uk-margin uk-text-left\" data-id=\"page#0-0-0-0\" data-element=\"\">Nous nous engageons, en prenant des pr\u00e9cautions raisonnables, \u00e0 prot\u00e9ger la s\u00e9curit\u00e9 de vos informations \u00e0 caract\u00e8re personnel.<br \/>Nous assurons la s\u00e9curit\u00e9 des donn\u00e9es transmises par vos soins au moyen de proc\u00e9dures physiques, \u00e9lectroniques et administratives. Sur toutes les pages Web requ\u00e9rant la saisie d&#8217;informations personnelles, nous utilisons le codage SSL (Secure Sockets Layer) standard.<\/div>\n<\/div>\n<p><!--more--><br \/>\n<!-- {\"type\":\"layout\",\"children\":[{\"type\":\"section\",\"props\":{\"image_position\":\"center-center\",\"style\":\"default\",\"title_breakpoint\":\"xl\",\"title_position\":\"top-left\",\"title_rotation\":\"left\",\"vertical_align\":\"middle\",\"width\":\"default\"},\"children\":[{\"type\":\"row\",\"children\":[{\"type\":\"column\",\"props\":{\"image_position\":\"center-center\",\"position_sticky_breakpoint\":\"m\"},\"children\":[{\"type\":\"text\",\"props\":{\"column_breakpoint\":\"m\",\"content\":\"\n\n<h1 class=\\\"uk-margin uk-text-left\\\" data-id=\\\"page#0-0-0-0\\\" data-element=\\\"\\\">Politique de confidentialit\\u00e9<\\\/h1>\\n\n\n<div class=\\\"uk-panel uk-margin uk-text-left\\\" data-id=\\\"page#0-0-0-0\\\" data-element=\\\"\\\">Soucieux de la protection des donn\\u00e9es personnelles de nos clients et prospects, nous nous engageons \\u00e0 respecter les dispositions de la loi n\\u00b078-17 du 6 janvier 1978 telle que modifi\\u00e9e, relative \\u00e0 l\\u2019informatique, aux fichiers et aux libert\\u00e9s ainsi que celles du r\\u00e8glement (UE) n\\u00b02016\\\/679 du 27 avril 2016.<br \\\/>En tant que responsable de traitement, nous nous engageons \\u00e0 respecter la confidentialit\\u00e9 et la s\\u00e9curit\\u00e9 de vos donn\\u00e9es personnelles, conform\\u00e9ment \\u00e0 la pr\\u00e9sente Politique de Confidentialit\\u00e9.<br \\\/>En utilisant notre Site, vous d\\u00e9clarez accepter sans r\\u00e9serve les termes de la pr\\u00e9sente Politique de Confidentialit\\u00e9.<br \\\/>Nous pourrons modifier librement la pr\\u00e9sente Politique de Confidentialit\\u00e9. Toute modification prendra effet d\\u00e8s publication.<\\\/div>\\n\n\n<h3 class=\\\"uk-margin uk-text-left\\\" data-id=\\\"page#0-0-0-0\\\" data-element=\\\"\\\">Qui est le responsable de traitement des donn\\u00e9es personnelles ?<\\\/h3>\\n\n\n<div class=\\\"uk-panel uk-margin uk-text-left\\\" data-id=\\\"page#0-0-0-0\\\" data-element=\\\"\\\">Le responsable du traitement est la personne physique ou morale qui, seule ou conjointement avec d\\u2019autres, d\\u00e9termine les finalit\\u00e9s et les moyens du traitement.<br \\\/>Le responsable du traitement des donn\\u00e9es personnelles transmises dans le cadre notamment de la navigation sur le site est :<br \\\/><br \\\/><span class=\\\"uk-margin uk-text-left\\\" data-id=\\\"page#0-0-0-0\\\" data-element=\\\"\\\">G\\u00e9rard BOCAGE<\\\/span> <br \\\/>T\\u00e9l\\u00e9phone : 02.47.80.48.92<a href=\\\"tel:+33\\\" target=\\\"_blanck\\\"> <\\\/a> <br \\\/>Email : <joomla-hidden-mail is-link=\\\"1\\\" is-email=\\\"1\\\" first=\\\"d2Vic2l0ZQ==\\\" last=\\\"bGVxdWVzdHJlLXNhdW11cnZhbGRlbG9pcmUuZnI=\\\" text=\\\"d2Vic2l0ZUBsZXF1ZXN0cmUtc2F1bXVydmFsZGVsb2lyZS5mcg==\\\" base=\\\"\\\"><a href=\\\"mailto:contact@labellebleue.com\\\" base=\\\"\\\">contact@labellebleue.com<\\\/a><\\\/joomla-hidden-mail> <br \\\/>Adresse : <span class=\\\"uk-margin uk-text-left\\\" data-id=\\\"page#0-0-0-0\\\" data-element=\\\"\\\">24 Rue Louis Braille F-37000 TOURS<\\\/span><\\\/div>\\n\n\n<h3 class=\\\"uk-margin uk-text-left\\\" data-id=\\\"page#0-0-0-0\\\" data-element=\\\"\\\">Quelles donn\\u00e9es personnelles sont collect\\u00e9es et par quels moyens ?<\\\/h3>\\n\n\n<div class=\\\"uk-panel uk-margin uk-text-left\\\" data-id=\\\"page#0-0-0-0\\\" data-element=\\\"\\\">G\\u00e9rard BOCAGE\\n\n\n<p>en tant que responsable de traitement, est susceptible de traiter, tout ou partie, des donn\\u00e9es suivantes :<\\\/p>\\n\n\n<ul>\\n\n\n<li>Nom<\\\/li>\\n\n\n<li>Pr\\u00e9nom<\\\/li>\\n\n\n<li>Adresse email<\\\/li>\\n\n\n<li>Objet de la demande<\\\/li>\\n\n\n<li>Donn\\u00e9es d'identification \\u00e9lectronique disponibles sur ou \\u00e0 partir de votre ordinateur (telles que les 'cookies' ou 'les adresses IP')<\\\/li>\\n\n\n<li>Donn\\u00e9es d\\u2019activit\\u00e9 (type de pages visit\\u00e9es, date de visite ou encore actions r\\u00e9alis\\u00e9es sur le site)<\\\/li>\\n<\\\/ul>\\n\n\n<p>Nous collectons et exploitons vos informations personnelles dans l\\u2019optique de traiter vos demandes d\\u2019informations et de vous dispenser un service de qualit\\u00e9, de simplifier votre acc\\u00e8s \\u00e0 nos services.<br \\\/>Nous sommes susceptibles de collecter des donn\\u00e9es lorsque :<\\\/p>\\n\n\n<ul>\\n\n\n<li>vous postez du contenu sur l\\u2019un de nos m\\u00e9dias sociaux ou que vous acceptez que nous r\\u00e9utilisions le contenu que vous avez mis en ligne<\\\/li>\\n<\\\/ul>\\n<\\\/div>\\n\n\n<h3 class=\\\"uk-margin uk-text-left\\\" data-id=\\\"page#0-0-0-0\\\" data-element=\\\"\\\">Pourquoi ces donn\\u00e9es sont-elles collect\\u00e9es ?<\\\/h3>\\n\n\n<div class=\\\"uk-panel uk-margin uk-text-left\\\" data-id=\\\"page#0-0-0-0\\\" data-element=\\\"\\\">\\n\n\n<p>La collecte de vos donn\\u00e9es personnelles est n\\u00e9cessaire en vue de :<\\\/p>\\n\n\n<ul>\\n\n\n<li>R\\u00e9pondre \\u00e0 vos questions<\\\/li>\\n\n\n<li>Adapter la pr\\u00e9sentation de notre site \\u00e0 votre terminal (mobile, ordinateur ou tablette)<\\\/li>\\n<\\\/ul>\\n\n\n<p>Sous r\\u00e9serve de votre consentement, ces donn\\u00e9es nous permettent \\u00e9galement de :<\\\/p>\\n\n\n<ul>\\n\n\n<li>Pouvoir r\\u00e9aliser des analyses et des outils marketing<\\\/li>\\n\n\n<li>Mettre en ligne les commentaires et les contenus post\\u00e9s sur les r\\u00e9seaux sociaux<\\\/li>\\n<\\\/ul>\\n<\\\/div>\\n\n\n<h3 class=\\\"uk-margin uk-text-left\\\" data-id=\\\"page#0-0-0-0\\\" data-element=\\\"\\\">Allez-vous recevoir des sollicitations commerciales ?<\\\/h3>\\n\n\n<div class=\\\"uk-panel uk-margin uk-text-left\\\" data-id=\\\"page#0-0-0-0\\\" data-element=\\\"\\\">Nous vous demanderons votre consentement explicite avant de vous adresser des communications commerciales.<br \\\/>Sans consentement, aucune communication ou sollicitation ne vous sera envoy\\u00e9e.<\\\/div>\\n\n\n<h3 class=\\\"uk-margin uk-text-left\\\" data-id=\\\"page#0-0-0-0\\\" data-element=\\\"\\\">Combien de temps vos donn\\u00e9es seront-elles conserv\\u00e9es ?<\\\/h3>\\n\n\n<div class=\\\"uk-panel uk-margin uk-text-left\\\" data-id=\\\"page#0-0-0-0\\\" data-element=\\\"\\\">Nous veillons \\u00e0 conserver les donn\\u00e9es personnelles de nos prospects et clients pendant une dur\\u00e9e n\\u00e9cessaire aux finalit\\u00e9s du traitement effectu\\u00e9 ou pendant une dur\\u00e9e fix\\u00e9e l\\u00e9galement. Les coordonn\\u00e9es d\\u2019un prospect qui ne r\\u00e9pond \\u00e0 aucune sollicitation pendant 3 ans sont supprim\\u00e9es. Afin de d\\u00e9terminer les d\\u00e9lais de conservation opportuns, nous op\\u00e9rons une distinction entre les prospects et les clients. Les donn\\u00e9es personnelles des clients sont conserv\\u00e9es d\\u00e8s lors qu\\u2019elles sont n\\u00e9cessaires \\u00e0 la finalit\\u00e9 poursuivie. Elles sont effac\\u00e9es d\\u00e8s lors que le client exerce son droit \\u00e0 suppression et oubli. Les donn\\u00e9es contractuelles sont quant \\u00e0 elles conserv\\u00e9es et archiv\\u00e9es pendant la dur\\u00e9e n\\u00e9cessaire aux obligations contractuelles (garantie, conformit\\u00e9\\u2026) ainsi qu\\u2019aux obligations l\\u00e9gales, comptables et fiscales et\\\/ou pendant les d\\u00e9lais de prescriptions applicables. Toute personne pourra par ailleurs d\\u00e9finir des directives relatives \\u00e0 la gestion de ses donn\\u00e9es \\u00e0 caract\\u00e8re personnel et \\u00e0 leur conservation, leur effacement et leur communication apr\\u00e8s son d\\u00e9c\\u00e8s. En l\\u2019absence de directives pr\\u00e9cises transmises de son vivant par la personne d\\u00e9c\\u00e9d\\u00e9e, les h\\u00e9ritiers pourront exercer uniquement les droits de suppression et d\\u2019oubli.<\\\/div>\\n\n\n<h3 class=\\\"uk-margin uk-text-left\\\" data-id=\\\"page#0-0-0-0\\\" data-element=\\\"\\\">Comment pouvez-vous exercer vos droits ?<\\\/h3>\\n\n\n<div class=\\\"uk-panel uk-margin uk-text-left\\\" data-id=\\\"page#0-0-0-0\\\" data-element=\\\"\\\">Conform\\u00e9ment \\u00e0 la R\\u00e8glementation en vigueur en mati\\u00e8re de protection des donn\\u00e9es \\u00e0 caract\\u00e8re Personnel, vous pouvez :\\n\n\n<ul>\\n\n\n<li>Acc\\u00e9der \\u00e0 l\\u2019ensemble de vos donn\\u00e9es (sous r\\u00e9serve de certaines restrictions),<\\\/li>\\n\n\n<li>Rectifier, mettre \\u00e0 jour vos donn\\u00e9es, si elles sont inexactes, incompl\\u00e8tes ou p\\u00e9rim\\u00e9es<\\\/li>\\n\n\n<li>Demander la portabilit\\u00e9 de vos donn\\u00e9es,<\\\/li>\\n\n\n<li>Vous opposer au traitement de vos donn\\u00e9es,<\\\/li>\\n\n\n<li>Demander la suppression de vos donn\\u00e9es. Ceci n\\u2019est pas un droit absolu, dans la mesure o\\u00f9 nous pouvons \\u00eatre contraints de conserver vos donn\\u00e9es \\u00e0 caract\\u00e8re personnel pour des motifs l\\u00e9gaux, l\\u00e9gitimes ou contractuels,<\\\/li>\\n\n\n<li>Demander une limitation des traitements que nous op\\u00e9rons relatifs \\u00e0 vos donn\\u00e9es.<\\\/li>\\n<\\\/ul>\\n<\\\/div>\\n\n\n<h3 class=\\\"uk-margin uk-text-left\\\" data-id=\\\"page#0-0-0-0\\\" data-element=\\\"\\\">Comment s\\u00e9curisons-nous vos donn\\u00e9es personnelles ?<\\\/h3>\\n\n\n<div class=\\\"uk-panel uk-margin uk-text-left\\\" data-id=\\\"page#0-0-0-0\\\" data-element=\\\"\\\">Nous nous engageons, en prenant des pr\\u00e9cautions raisonnables, \\u00e0 prot\\u00e9ger la s\\u00e9curit\\u00e9 de vos informations \\u00e0 caract\\u00e8re personnel.<br \\\/>Nous assurons la s\\u00e9curit\\u00e9 des donn\\u00e9es transmises par vos soins au moyen de proc\\u00e9dures physiques, \\u00e9lectroniques et administratives. Sur toutes les pages Web requ\\u00e9rant la saisie d'informations personnelles, nous utilisons le codage SSL (Secure Sockets Layer) standard.<\\\/div>\",\"margin\":\"default\"}}]}]}]}],\"version\":\"4.5.6\"} --><\/p>\n","protected":false},"excerpt":{"rendered":"<p>Politique de confidentialit\u00e9 Soucieux de la protection des donn\u00e9es personnelles de nos clients et prospects, nous nous engageons \u00e0 respecter les dispositions de la loi n\u00b078-17 du 6 janvier 1978 telle que modifi\u00e9e, relative \u00e0 l\u2019informatique, aux fichiers et aux libert\u00e9s ainsi que celles du r\u00e8glement (UE) n\u00b02016\/679 du 27 avril 2016.En tant que responsable [&hellip;]<\/p>\n","protected":false},"author":1,"featured_media":0,"parent":0,"menu_order":0,"comment_status":"closed","ping_status":"open","template":"","meta":{"footnotes":""},"class_list":["post-3","page","type-page","status-publish","hentry"],"yoast_head":"<!-- This site is optimized with the Yoast SEO plugin v24.6 - https:\/\/yoast.com\/wordpress\/plugins\/seo\/ -->\n<title>Privacy policy<\/title>\n<meta name=\"robots\" content=\"index, follow, max-snippet:-1, max-image-preview:large, max-video-preview:-1\" \/>\n<meta property=\"og:locale\" content=\"en_GB\" \/>\n<meta property=\"og:type\" content=\"article\" \/>\n<meta property=\"og:title\" content=\"Privacy policy\" \/>\n<meta property=\"og:url\" content=\"https:\/\/www.labellebleue.com\/en\/privacy-policy\/\" \/>\n<meta property=\"og:site_name\" content=\"La Belle Bleue\" \/>\n<meta property=\"article:modified_time\" content=\"2025-03-17T09:46:45+00:00\" \/>\n<meta name=\"twitter:card\" content=\"summary_large_image\" \/>\n<meta name=\"twitter:label1\" content=\"Est. reading time\" \/>\n\t<meta name=\"twitter:data1\" content=\"4 minutes\" \/>\n<script type=\"application\/ld+json\" class=\"yoast-schema-graph\">{\"@context\":\"https:\/\/schema.org\",\"@graph\":[{\"@type\":\"WebPage\",\"@id\":\"https:\/\/www.labellebleue.com\/en\/privacy-policy\/\",\"url\":\"https:\/\/www.labellebleue.com\/en\/privacy-policy\/\",\"name\":\"Politique de Confidentialit\u00e9 - La Belle Bleue\",\"isPartOf\":{\"@id\":\"https:\/\/www.labellebleue.com\/#website\"},\"datePublished\":\"2025-02-17T10:59:08+00:00\",\"dateModified\":\"2025-03-17T09:46:45+00:00\",\"description\":\"Informez-vous sur notre politique de confidentialit\u00e9 expliquant comment nous collectons, utilisons et prot\u00e9geons vos donn\u00e9es personnelles.\",\"breadcrumb\":{\"@id\":\"https:\/\/www.labellebleue.com\/en\/privacy-policy\/#breadcrumb\"},\"inLanguage\":\"en-GB\",\"potentialAction\":[{\"@type\":\"ReadAction\",\"target\":[\"https:\/\/www.labellebleue.com\/en\/privacy-policy\/\"]}]},{\"@type\":\"BreadcrumbList\",\"@id\":\"https:\/\/www.labellebleue.com\/en\/privacy-policy\/#breadcrumb\",\"itemListElement\":[{\"@type\":\"ListItem\",\"position\":1,\"name\":\"Home\",\"item\":\"https:\/\/www.labellebleue.com\/\"},{\"@type\":\"ListItem\",\"position\":2,\"name\":\"Privacy policy\"}]},{\"@type\":\"WebSite\",\"@id\":\"https:\/\/www.labellebleue.com\/en\/#website\",\"url\":\"https:\/\/www.labellebleue.com\/en\/\",\"name\":\"La Belle Bleue\",\"description\":\"\",\"publisher\":{\"@id\":\"https:\/\/www.labellebleue.com\/en\/#organization\"},\"potentialAction\":[{\"@type\":\"SearchAction\",\"target\":{\"@type\":\"EntryPoint\",\"urlTemplate\":\"https:\/\/www.labellebleue.com\/en\/?s={search_term_string}\"},\"query-input\":{\"@type\":\"PropertyValueSpecification\",\"valueRequired\":true,\"valueName\":\"search_term_string\"}}],\"inLanguage\":\"en-GB\"},{\"@type\":\"Organization\",\"@id\":\"https:\/\/www.labellebleue.com\/en\/#organization\",\"name\":\"La Belle Bleue\",\"url\":\"https:\/\/www.labellebleue.com\/en\/\",\"logo\":{\"@type\":\"ImageObject\",\"inLanguage\":\"en-GB\",\"@id\":\"https:\/\/www.labellebleue.com\/en\/#\/schema\/logo\/image\/\",\"url\":\"https:\/\/www.labellebleue.com\/wp-content\/uploads\/2025\/02\/la-belle-bleue-logo-h-coul.svg\",\"contentUrl\":\"https:\/\/www.labellebleue.com\/wp-content\/uploads\/2025\/02\/la-belle-bleue-logo-h-coul.svg\",\"width\":1,\"height\":1,\"caption\":\"La Belle Bleue\"},\"image\":{\"@id\":\"https:\/\/www.labellebleue.com\/en\/#\/schema\/logo\/image\/\"}}]}<\/script>\n<!-- \/ Yoast SEO plugin. -->","yoast_head_json":{"title":"Privacy policy","robots":{"index":"index","follow":"follow","max-snippet":"max-snippet:-1","max-image-preview":"max-image-preview:large","max-video-preview":"max-video-preview:-1"},"og_locale":"en_GB","og_type":"article","og_title":"Privacy policy","og_url":"https:\/\/www.labellebleue.com\/en\/privacy-policy\/","og_site_name":"La Belle Bleue","article_modified_time":"2025-03-17T09:46:45+00:00","twitter_card":"summary_large_image","twitter_misc":{"Est. reading time":"4 minutes"},"schema":{"@context":"https:\/\/schema.org","@graph":[{"@type":"WebPage","@id":"https:\/\/www.labellebleue.com\/en\/privacy-policy\/","url":"https:\/\/www.labellebleue.com\/en\/privacy-policy\/","name":"Politique de Confidentialit\u00e9 - La Belle Bleue","isPartOf":{"@id":"https:\/\/www.labellebleue.com\/#website"},"datePublished":"2025-02-17T10:59:08+00:00","dateModified":"2025-03-17T09:46:45+00:00","description":"Informez-vous sur notre politique de confidentialit\u00e9 expliquant comment nous collectons, utilisons et prot\u00e9geons vos donn\u00e9es personnelles.","breadcrumb":{"@id":"https:\/\/www.labellebleue.com\/en\/privacy-policy\/#breadcrumb"},"inLanguage":"en-GB","potentialAction":[{"@type":"ReadAction","target":["https:\/\/www.labellebleue.com\/en\/privacy-policy\/"]}]},{"@type":"BreadcrumbList","@id":"https:\/\/www.labellebleue.com\/en\/privacy-policy\/#breadcrumb","itemListElement":[{"@type":"ListItem","position":1,"name":"Home","item":"https:\/\/www.labellebleue.com\/"},{"@type":"ListItem","position":2,"name":"Privacy policy"}]},{"@type":"WebSite","@id":"https:\/\/www.labellebleue.com\/en\/#website","url":"https:\/\/www.labellebleue.com\/en\/","name":"La Belle Bleue","description":"","publisher":{"@id":"https:\/\/www.labellebleue.com\/en\/#organization"},"potentialAction":[{"@type":"SearchAction","target":{"@type":"EntryPoint","urlTemplate":"https:\/\/www.labellebleue.com\/en\/?s={search_term_string}"},"query-input":{"@type":"PropertyValueSpecification","valueRequired":true,"valueName":"search_term_string"}}],"inLanguage":"en-GB"},{"@type":"Organization","@id":"https:\/\/www.labellebleue.com\/en\/#organization","name":"La Belle Bleue","url":"https:\/\/www.labellebleue.com\/en\/","logo":{"@type":"ImageObject","inLanguage":"en-GB","@id":"https:\/\/www.labellebleue.com\/en\/#\/schema\/logo\/image\/","url":"https:\/\/www.labellebleue.com\/wp-content\/uploads\/2025\/02\/la-belle-bleue-logo-h-coul.svg","contentUrl":"https:\/\/www.labellebleue.com\/wp-content\/uploads\/2025\/02\/la-belle-bleue-logo-h-coul.svg","width":1,"height":1,"caption":"La Belle Bleue"},"image":{"@id":"https:\/\/www.labellebleue.com\/en\/#\/schema\/logo\/image\/"}}]}},"_links":{"self":[{"href":"https:\/\/www.labellebleue.com\/en\/wp-json\/wp\/v2\/pages\/3","targetHints":{"allow":["GET"]}}],"collection":[{"href":"https:\/\/www.labellebleue.com\/en\/wp-json\/wp\/v2\/pages"}],"about":[{"href":"https:\/\/www.labellebleue.com\/en\/wp-json\/wp\/v2\/types\/page"}],"author":[{"embeddable":true,"href":"https:\/\/www.labellebleue.com\/en\/wp-json\/wp\/v2\/users\/1"}],"replies":[{"embeddable":true,"href":"https:\/\/www.labellebleue.com\/en\/wp-json\/wp\/v2\/comments?post=3"}],"version-history":[{"count":1,"href":"https:\/\/www.labellebleue.com\/en\/wp-json\/wp\/v2\/pages\/3\/revisions"}],"predecessor-version":[{"id":428,"href":"https:\/\/www.labellebleue.com\/en\/wp-json\/wp\/v2\/pages\/3\/revisions\/428"}],"wp:attachment":[{"href":"https:\/\/www.labellebleue.com\/en\/wp-json\/wp\/v2\/media?parent=3"}],"curies":[{"name":"wp","href":"https:\/\/api.w.org\/{rel}","templated":true}]}}